{"id":1226,"date":"2014-11-18T14:23:33","date_gmt":"2014-11-18T14:23:33","guid":{"rendered":"http:\/\/aesia.pt\/portal\/?page_id=1226"},"modified":"2025-10-24T10:24:26","modified_gmt":"2025-10-24T10:24:26","slug":"educacao-especial","status":"publish","type":"page","link":"https:\/\/aesia.pt\/portal\/educacao-especial\/","title":{"rendered":"Equipa T\u00e9cnica"},"content":{"rendered":"\n<p><strong>A Equipa T\u00e9cnica \u00e9 constitu\u00eddo por<\/strong>:<\/p>\n\n\n\n<p>Psic\u00f3loga do&nbsp;<strong>Servi\u00e7o de Psicologia e Orienta\u00e7\u00e3o &#8211; Filipa Santos<\/strong><\/p>\n\n\n\n<p>T\u00e9cnica Superior de Psicologia &#8211;&nbsp;<strong>In\u00eas Brito<\/strong>;<\/p>\n\n\n\n<p>T\u00e9cnica Superior de Servi\u00e7o Social &#8211;&nbsp;<strong>C\u00e1tia Santos<\/strong>;<\/p>\n\n\n\n<p>T\u00e9cnica Superior de Anima\u00e7\u00e3o Sociocultural &#8211;&nbsp;<strong>In\u00eas Pica<\/strong>;<\/p>\n\n\n\n<p><strong>\u00c1reas de atua\u00e7\u00e3o da Equipa T\u00e9cnica<\/strong><strong>:<\/strong><\/p>\n\n\n\n<ul class=\"wp-block-list\">\n<li>Projetos educativos \/ formativos (dos pr\u00f3prios ou em trabalho colaborativo com outras estruturas educativas e pedag\u00f3gicas do Agrupamento);<\/li>\n\n\n\n<li>A\u00e7\u00f5es de interven\u00e7\u00e3o no \u00e2mbito s\u00f3cio emocional;<\/li>\n\n\n\n<li>Ateliers art\u00edsticos e recreativos;<\/li>\n\n\n\n<li>Projetos socioculturais;<\/li>\n\n\n\n<li>Dinamiza\u00e7\u00e3o de projetos l\u00fadico-pedag\u00f3gicos;<\/li>\n\n\n\n<li>Atividades de cariz social \/ apoio \u00e0 fam\u00edlia;<\/li>\n\n\n\n<li>Assessoria \u00e0 Dire\u00e7\u00e3o (candidaturas \u00e0s iniciativas propostas por entidades externas e elabora\u00e7\u00e3o de documentos de orienta\u00e7\u00e3o educativa, no \u00e2mbito do Agrupamento).<\/li>\n<\/ul>\n\n\n\n<p><strong>Compet\u00eancias do SPO:<\/strong><\/p>\n\n\n\n<p>Desenvolvimento de atividades de Orienta\u00e7\u00e3o Escolar e Vocacional<\/p>\n\n\n\n<p>Apoio ao desenvolvimento de rela\u00e7\u00f5es da comunidade escolar;<\/p>\n\n\n\n<p>Apoio psicopedag\u00f3gico a alunos<strong>\u00a0<\/strong>e docentes.<\/p>\n\n\n\n<p>A atividade t\u00e9cnico-cient\u00edfica \u00e9 desenvolvida em articula\u00e7\u00e3o com os docentes que integram o Departamento de Educa\u00e7\u00e3o Especial e com a Equipa Multidisciplinar de Apoio \u00e0 Educa\u00e7\u00e3o Inclusiva.<\/p>\n\n\n\n<p>A Equipa T\u00e9cnica, no presente ano letivo, encontra-se a desenvolver os seguintes projetos\/atividades:<\/p>\n\n\n\n<ul class=\"wp-block-list\">\n<li>\u00c0 Conversa com os Alunos do AESIA<strong>\u00a0<\/strong><\/li>\n\n\n\n<li>Momentos de Partilha de Boas Pr\u00e1ticas AESIA<\/li>\n\n\n\n<li>Plano de A\u00e7\u00e3o Bullying\u00a0<\/li>\n\n\n\n<li>Devagar se vai ao Longe<\/li>\n\n\n\n<li>Envolve-Te<\/li>\n\n\n\n<li>Projeto Turma Solid\u00e1ria AESIA\u00a0<\/li>\n\n\n\n<li>Projeto Ensinar a Brincar\u00a0<\/li>\n\n\n\n<li>Clube de Teatro \u201cOficinas das Artes\u201d<\/li>\n\n\n\n<li>Projeto Recreios Multiculturais<a href=\"https:\/\/docs.google.com\/document\/d\/1Ph6-y2_D9GcHtKGZULyft11473OUvkC1ixg34fsUtFU\/edit?usp=sharing\" target=\"_blank\" rel=\"noreferrer noopener\">\u00a0<\/a><\/li>\n<\/ul>\n\n\n\n<p><\/p>\n\n\n\n<p><br><\/p>\n\n\n\n<p><\/p>\n\n\n\n<p><\/p>\n\n\n\n<p><\/p>\n","protected":false},"excerpt":{"rendered":"<p>A Equipa T\u00e9cnica \u00e9 constitu\u00eddo por: Psic\u00f3loga do&nbsp;Servi\u00e7o de Psicologia e Orienta\u00e7\u00e3o &#8211; Filipa Santos T\u00e9cnica Superior de Psicologia &#8211;&nbsp;In\u00eas&hellip; <a class=\"continue\" href=\"https:\/\/aesia.pt\/portal\/educacao-especial\/\">Ler mais<span> Equipa T\u00e9cnica<\/span><\/a><\/p>\n","protected":false},"author":8,"featured_media":0,"parent":0,"menu_order":0,"comment_status":"open","ping_status":"open","template":"p_base.php","meta":{"_acf_changed":false,"footnotes":""},"class_list":["post-1226","page","type-page","status-publish","hentry"],"acf":[],"yoast_head":"<!-- This site is optimized with the Yoast SEO plugin v27.3 - https:\/\/yoast.com\/product\/yoast-seo-wordpress\/ -->\n<title>Equipa T\u00e9cnica &#8211; AESIA<\/title>\n<meta name=\"robots\" content=\"index, follow, max-snippet:-1, max-image-preview:large, max-video-preview:-1\" \/>\n<link rel=\"canonical\" href=\"https:\/\/aesia.pt\/portal\/educacao-especial\/\" \/>\n<meta property=\"og:locale\" content=\"pt_PT\" \/>\n<meta property=\"og:type\" content=\"article\" \/>\n<meta property=\"og:title\" content=\"Equipa T\u00e9cnica &#8211; AESIA\" \/>\n<meta property=\"og:description\" content=\"A Equipa T\u00e9cnica \u00e9 constitu\u00eddo por: Psic\u00f3loga do&nbsp;Servi\u00e7o de Psicologia e Orienta\u00e7\u00e3o &#8211; Filipa Santos T\u00e9cnica Superior de Psicologia &#8211;&nbsp;In\u00eas&hellip; Ler mais Equipa T\u00e9cnica\" \/>\n<meta property=\"og:url\" content=\"https:\/\/aesia.pt\/portal\/educacao-especial\/\" \/>\n<meta property=\"og:site_name\" content=\"AESIA\" \/>\n<meta property=\"article:publisher\" content=\"https:\/\/www.facebook.com\/aesia.pt\/\" \/>\n<meta property=\"article:modified_time\" content=\"2025-10-24T10:24:26+00:00\" \/>\n<meta name=\"twitter:card\" content=\"summary_large_image\" \/>\n<meta name=\"twitter:label1\" content=\"Tempo estimado de leitura\" \/>\n\t<meta name=\"twitter:data1\" content=\"1 minuto\" \/>\n<script type=\"application\/ld+json\" class=\"yoast-schema-graph\">{\"@context\":\"https:\\\/\\\/schema.org\",\"@graph\":[{\"@type\":\"WebPage\",\"@id\":\"https:\\\/\\\/aesia.pt\\\/portal\\\/educacao-especial\\\/\",\"url\":\"https:\\\/\\\/aesia.pt\\\/portal\\\/educacao-especial\\\/\",\"name\":\"Equipa T\u00e9cnica &#8211; AESIA\",\"isPartOf\":{\"@id\":\"https:\\\/\\\/aesia.pt\\\/portal\\\/#website\"},\"datePublished\":\"2014-11-18T14:23:33+00:00\",\"dateModified\":\"2025-10-24T10:24:26+00:00\",\"breadcrumb\":{\"@id\":\"https:\\\/\\\/aesia.pt\\\/portal\\\/educacao-especial\\\/#breadcrumb\"},\"inLanguage\":\"pt-PT\",\"potentialAction\":[{\"@type\":\"ReadAction\",\"target\":[\"https:\\\/\\\/aesia.pt\\\/portal\\\/educacao-especial\\\/\"]}]},{\"@type\":\"BreadcrumbList\",\"@id\":\"https:\\\/\\\/aesia.pt\\\/portal\\\/educacao-especial\\\/#breadcrumb\",\"itemListElement\":[{\"@type\":\"ListItem\",\"position\":1,\"name\":\"Home\",\"item\":\"https:\\\/\\\/aesia.pt\\\/portal\\\/\"},{\"@type\":\"ListItem\",\"position\":2,\"name\":\"Equipa T\u00e9cnica\"}]},{\"@type\":\"WebSite\",\"@id\":\"https:\\\/\\\/aesia.pt\\\/portal\\\/#website\",\"url\":\"https:\\\/\\\/aesia.pt\\\/portal\\\/\",\"name\":\"AESIA\",\"description\":\"Agrupamento de Escolas de Santa Iria de Az\u00f3ia\",\"publisher\":{\"@id\":\"https:\\\/\\\/aesia.pt\\\/portal\\\/#organization\"},\"alternateName\":\"Agrupamento de Escolas de Santa Iria de Az\u00f3ia\",\"potentialAction\":[{\"@type\":\"SearchAction\",\"target\":{\"@type\":\"EntryPoint\",\"urlTemplate\":\"https:\\\/\\\/aesia.pt\\\/portal\\\/?s={search_term_string}\"},\"query-input\":{\"@type\":\"PropertyValueSpecification\",\"valueRequired\":true,\"valueName\":\"search_term_string\"}}],\"inLanguage\":\"pt-PT\"},{\"@type\":\"Organization\",\"@id\":\"https:\\\/\\\/aesia.pt\\\/portal\\\/#organization\",\"name\":\"Agrupamento de Escolas de Santa Iria de Az\u00f3ia\",\"alternateName\":\"AESIA\",\"url\":\"https:\\\/\\\/aesia.pt\\\/portal\\\/\",\"logo\":{\"@type\":\"ImageObject\",\"inLanguage\":\"pt-PT\",\"@id\":\"https:\\\/\\\/aesia.pt\\\/portal\\\/#\\\/schema\\\/logo\\\/image\\\/\",\"url\":\"https:\\\/\\\/aesia.pt\\\/portal\\\/wp-content\\\/uploads\\\/2023\\\/04\\\/logo4.png\",\"contentUrl\":\"https:\\\/\\\/aesia.pt\\\/portal\\\/wp-content\\\/uploads\\\/2023\\\/04\\\/logo4.png\",\"width\":162,\"height\":162,\"caption\":\"Agrupamento de Escolas de Santa Iria de Az\u00f3ia\"},\"image\":{\"@id\":\"https:\\\/\\\/aesia.pt\\\/portal\\\/#\\\/schema\\\/logo\\\/image\\\/\"},\"sameAs\":[\"https:\\\/\\\/www.facebook.com\\\/aesia.pt\\\/\"]}]}<\/script>\n<!-- \/ Yoast SEO plugin. -->","yoast_head_json":{"title":"Equipa T\u00e9cnica &#8211; AESIA","robots":{"index":"index","follow":"follow","max-snippet":"max-snippet:-1","max-image-preview":"max-image-preview:large","max-video-preview":"max-video-preview:-1"},"canonical":"https:\/\/aesia.pt\/portal\/educacao-especial\/","og_locale":"pt_PT","og_type":"article","og_title":"Equipa T\u00e9cnica &#8211; AESIA","og_description":"A Equipa T\u00e9cnica \u00e9 constitu\u00eddo por: Psic\u00f3loga do&nbsp;Servi\u00e7o de Psicologia e Orienta\u00e7\u00e3o &#8211; Filipa Santos T\u00e9cnica Superior de Psicologia &#8211;&nbsp;In\u00eas&hellip; Ler mais Equipa T\u00e9cnica","og_url":"https:\/\/aesia.pt\/portal\/educacao-especial\/","og_site_name":"AESIA","article_publisher":"https:\/\/www.facebook.com\/aesia.pt\/","article_modified_time":"2025-10-24T10:24:26+00:00","twitter_card":"summary_large_image","twitter_misc":{"Tempo estimado de leitura":"1 minuto"},"schema":{"@context":"https:\/\/schema.org","@graph":[{"@type":"WebPage","@id":"https:\/\/aesia.pt\/portal\/educacao-especial\/","url":"https:\/\/aesia.pt\/portal\/educacao-especial\/","name":"Equipa T\u00e9cnica &#8211; AESIA","isPartOf":{"@id":"https:\/\/aesia.pt\/portal\/#website"},"datePublished":"2014-11-18T14:23:33+00:00","dateModified":"2025-10-24T10:24:26+00:00","breadcrumb":{"@id":"https:\/\/aesia.pt\/portal\/educacao-especial\/#breadcrumb"},"inLanguage":"pt-PT","potentialAction":[{"@type":"ReadAction","target":["https:\/\/aesia.pt\/portal\/educacao-especial\/"]}]},{"@type":"BreadcrumbList","@id":"https:\/\/aesia.pt\/portal\/educacao-especial\/#breadcrumb","itemListElement":[{"@type":"ListItem","position":1,"name":"Home","item":"https:\/\/aesia.pt\/portal\/"},{"@type":"ListItem","position":2,"name":"Equipa T\u00e9cnica"}]},{"@type":"WebSite","@id":"https:\/\/aesia.pt\/portal\/#website","url":"https:\/\/aesia.pt\/portal\/","name":"AESIA","description":"Agrupamento de Escolas de Santa Iria de Az\u00f3ia","publisher":{"@id":"https:\/\/aesia.pt\/portal\/#organization"},"alternateName":"Agrupamento de Escolas de Santa Iria de Az\u00f3ia","potentialAction":[{"@type":"SearchAction","target":{"@type":"EntryPoint","urlTemplate":"https:\/\/aesia.pt\/portal\/?s={search_term_string}"},"query-input":{"@type":"PropertyValueSpecification","valueRequired":true,"valueName":"search_term_string"}}],"inLanguage":"pt-PT"},{"@type":"Organization","@id":"https:\/\/aesia.pt\/portal\/#organization","name":"Agrupamento de Escolas de Santa Iria de Az\u00f3ia","alternateName":"AESIA","url":"https:\/\/aesia.pt\/portal\/","logo":{"@type":"ImageObject","inLanguage":"pt-PT","@id":"https:\/\/aesia.pt\/portal\/#\/schema\/logo\/image\/","url":"https:\/\/aesia.pt\/portal\/wp-content\/uploads\/2023\/04\/logo4.png","contentUrl":"https:\/\/aesia.pt\/portal\/wp-content\/uploads\/2023\/04\/logo4.png","width":162,"height":162,"caption":"Agrupamento de Escolas de Santa Iria de Az\u00f3ia"},"image":{"@id":"https:\/\/aesia.pt\/portal\/#\/schema\/logo\/image\/"},"sameAs":["https:\/\/www.facebook.com\/aesia.pt\/"]}]}},"_links":{"self":[{"href":"https:\/\/aesia.pt\/portal\/wp-json\/wp\/v2\/pages\/1226","targetHints":{"allow":["GET"]}}],"collection":[{"href":"https:\/\/aesia.pt\/portal\/wp-json\/wp\/v2\/pages"}],"about":[{"href":"https:\/\/aesia.pt\/portal\/wp-json\/wp\/v2\/types\/page"}],"author":[{"embeddable":true,"href":"https:\/\/aesia.pt\/portal\/wp-json\/wp\/v2\/users\/8"}],"replies":[{"embeddable":true,"href":"https:\/\/aesia.pt\/portal\/wp-json\/wp\/v2\/comments?post=1226"}],"version-history":[{"count":18,"href":"https:\/\/aesia.pt\/portal\/wp-json\/wp\/v2\/pages\/1226\/revisions"}],"predecessor-version":[{"id":16214,"href":"https:\/\/aesia.pt\/portal\/wp-json\/wp\/v2\/pages\/1226\/revisions\/16214"}],"wp:attachment":[{"href":"https:\/\/aesia.pt\/portal\/wp-json\/wp\/v2\/media?parent=1226"}],"curies":[{"name":"wp","href":"https:\/\/api.w.org\/{rel}","templated":true}]}}