{"id":1223,"date":"2014-11-18T14:21:29","date_gmt":"2014-11-18T14:21:29","guid":{"rendered":"http:\/\/aesia.pt\/portal\/?page_id=1223"},"modified":"2014-11-21T18:36:52","modified_gmt":"2014-11-21T18:36:52","slug":"projectos-desenvolvimento-educativo","status":"publish","type":"page","link":"https:\/\/aesia.pt\/portal\/projectos-desenvolvimento-educativo\/","title":{"rendered":"Projectos desenvolvimento Educativo"},"content":{"rendered":"<p><strong>\u00a0<\/strong>O Agrupamento de Escolas de Santa Iria de Az\u00f3ia considera de grande import\u00e2ncia a planifica\u00e7\u00e3o e concretiza\u00e7\u00e3o de Projetos de Desenvolvimento Educativo, que contribuam para a consecu\u00e7\u00e3o das metas priorit\u00e1rias definidas no Projeto Educativo:<\/p>\n<p>&#8211; o aumento do sucesso educativo e da qualidade do processo de ensino e aprendizagem;<\/p>\n<p>&#8211; a melhoria do clima e ambiente educativos e da cultura escolar;<\/p>\n<p>&#8211; a afirma\u00e7\u00e3o de uma cultura de escola baseada na exig\u00eancia e no rigor;<\/p>\n<p>&#8211; o fomento da participa\u00e7\u00e3o familiar e social e da liga\u00e7\u00e3o ativa \u00e0 comunidade.<\/p>\n<p>No \u00e2mbito dos Projetos de Desenvolvimento Educativo a dinamizar, pretende-se a realiza\u00e7\u00e3o de atividades que promovam o sucesso escolar e a intera\u00e7\u00e3o entre os diferentes atores da comunidade, contribuindo -se para o desenvolvimento do sentido de identidade e perten\u00e7a a um todo. S\u00e3o igualmente objetivos destes projetos, a aquisi\u00e7\u00e3o de compet\u00eancias na \u00e1rea da educa\u00e7\u00e3o para a sa\u00fade, a aquisi\u00e7\u00e3o de valores e c\u00f3digos de conduta positivos por parte da comunidade escolar, a promo\u00e7\u00e3o ou refor\u00e7o da liga\u00e7\u00e3o \u00e0s institui\u00e7\u00f5es e parceiros locais e regionais e a valoriza\u00e7\u00e3o do patrim\u00f3nio natural, cultural e social. \u00c9 de salientar, a ambi\u00e7\u00e3o de dinamizar projetos transversais aos diferentes ciclos de escolaridade, envolvendo alunos, professores, encarregados de educa\u00e7\u00e3o e assistentes operacionais dos diferentes estabelecimentos de ensino do agrupamento.<\/p>\n<p>Nesta fase inicial do ano letivo, pode desde j\u00e1 destacar-se a planifica\u00e7\u00e3o de um projeto no \u00e2mbito da tem\u00e1tica \u201cSustentabilidade\u201d; o Projeto de Educa\u00e7\u00e3o para a Sa\u00fade, no contexto do qual se prev\u00ea a dinamiza\u00e7\u00e3o de diferentes atividades, nomeadamente uma \u201cFeira da Sa\u00fade\u201d; o projeto \u201caLer+\u201d, dinamizado pela BE\/CRE e um projeto no \u00e2mbito da \u201cEduca\u00e7\u00e3o Financeira\u201d.<\/p>\n<p>Atrav\u00e9s deste espa\u00e7o, ser\u00e1 poss\u00edvel, oportunamente, a divulga\u00e7\u00e3o de novas informa\u00e7\u00f5es referentes aos Projetos de Desenvolvimento Educativo em curso no nosso agrupamento.<\/p>\n<p>&nbsp;<\/p>\n","protected":false},"excerpt":{"rendered":"<p>\u00a0O Agrupamento de Escolas de Santa Iria de Az\u00f3ia considera de grande import\u00e2ncia a planifica\u00e7\u00e3o e concretiza\u00e7\u00e3o de Projetos de&hellip; <a class=\"continue\" href=\"https:\/\/aesia.pt\/portal\/projectos-desenvolvimento-educativo\/\">Ler mais<span> Projectos desenvolvimento Educativo<\/span><\/a><\/p>\n","protected":false},"author":8,"featured_media":0,"parent":0,"menu_order":0,"comment_status":"open","ping_status":"open","template":"p_base.php","meta":{"_acf_changed":false,"footnotes":""},"class_list":["post-1223","page","type-page","status-publish","hentry"],"acf":[],"yoast_head":"<!-- This site is optimized with the Yoast SEO plugin v27.3 - https:\/\/yoast.com\/product\/yoast-seo-wordpress\/ -->\n<title>Projectos desenvolvimento Educativo &#8211; AESIA<\/title>\n<meta name=\"robots\" content=\"index, follow, max-snippet:-1, max-image-preview:large, max-video-preview:-1\" \/>\n<link rel=\"canonical\" href=\"https:\/\/aesia.pt\/portal\/projectos-desenvolvimento-educativo\/\" \/>\n<meta property=\"og:locale\" content=\"pt_PT\" \/>\n<meta property=\"og:type\" content=\"article\" \/>\n<meta property=\"og:title\" content=\"Projectos desenvolvimento Educativo &#8211; AESIA\" \/>\n<meta property=\"og:description\" content=\"\u00a0O Agrupamento de Escolas de Santa Iria de Az\u00f3ia considera de grande import\u00e2ncia a planifica\u00e7\u00e3o e concretiza\u00e7\u00e3o de Projetos de&hellip; Ler mais Projectos desenvolvimento Educativo\" \/>\n<meta property=\"og:url\" content=\"https:\/\/aesia.pt\/portal\/projectos-desenvolvimento-educativo\/\" \/>\n<meta property=\"og:site_name\" content=\"AESIA\" \/>\n<meta property=\"article:publisher\" content=\"https:\/\/www.facebook.com\/aesia.pt\/\" \/>\n<meta property=\"article:modified_time\" content=\"2014-11-21T18:36:52+00:00\" \/>\n<meta name=\"twitter:card\" content=\"summary_large_image\" \/>\n<meta name=\"twitter:label1\" content=\"Tempo estimado de leitura\" \/>\n\t<meta name=\"twitter:data1\" content=\"2 minutos\" \/>\n<script type=\"application\/ld+json\" class=\"yoast-schema-graph\">{\"@context\":\"https:\\\/\\\/schema.org\",\"@graph\":[{\"@type\":\"WebPage\",\"@id\":\"https:\\\/\\\/aesia.pt\\\/portal\\\/projectos-desenvolvimento-educativo\\\/\",\"url\":\"https:\\\/\\\/aesia.pt\\\/portal\\\/projectos-desenvolvimento-educativo\\\/\",\"name\":\"Projectos desenvolvimento Educativo &#8211; AESIA\",\"isPartOf\":{\"@id\":\"https:\\\/\\\/aesia.pt\\\/portal\\\/#website\"},\"datePublished\":\"2014-11-18T14:21:29+00:00\",\"dateModified\":\"2014-11-21T18:36:52+00:00\",\"breadcrumb\":{\"@id\":\"https:\\\/\\\/aesia.pt\\\/portal\\\/projectos-desenvolvimento-educativo\\\/#breadcrumb\"},\"inLanguage\":\"pt-PT\",\"potentialAction\":[{\"@type\":\"ReadAction\",\"target\":[\"https:\\\/\\\/aesia.pt\\\/portal\\\/projectos-desenvolvimento-educativo\\\/\"]}]},{\"@type\":\"BreadcrumbList\",\"@id\":\"https:\\\/\\\/aesia.pt\\\/portal\\\/projectos-desenvolvimento-educativo\\\/#breadcrumb\",\"itemListElement\":[{\"@type\":\"ListItem\",\"position\":1,\"name\":\"Home\",\"item\":\"https:\\\/\\\/aesia.pt\\\/portal\\\/\"},{\"@type\":\"ListItem\",\"position\":2,\"name\":\"Projectos desenvolvimento Educativo\"}]},{\"@type\":\"WebSite\",\"@id\":\"https:\\\/\\\/aesia.pt\\\/portal\\\/#website\",\"url\":\"https:\\\/\\\/aesia.pt\\\/portal\\\/\",\"name\":\"AESIA\",\"description\":\"Agrupamento de Escolas de Santa Iria de Az\u00f3ia\",\"publisher\":{\"@id\":\"https:\\\/\\\/aesia.pt\\\/portal\\\/#organization\"},\"alternateName\":\"Agrupamento de Escolas de Santa Iria de Az\u00f3ia\",\"potentialAction\":[{\"@type\":\"SearchAction\",\"target\":{\"@type\":\"EntryPoint\",\"urlTemplate\":\"https:\\\/\\\/aesia.pt\\\/portal\\\/?s={search_term_string}\"},\"query-input\":{\"@type\":\"PropertyValueSpecification\",\"valueRequired\":true,\"valueName\":\"search_term_string\"}}],\"inLanguage\":\"pt-PT\"},{\"@type\":\"Organization\",\"@id\":\"https:\\\/\\\/aesia.pt\\\/portal\\\/#organization\",\"name\":\"Agrupamento de Escolas de Santa Iria de Az\u00f3ia\",\"alternateName\":\"AESIA\",\"url\":\"https:\\\/\\\/aesia.pt\\\/portal\\\/\",\"logo\":{\"@type\":\"ImageObject\",\"inLanguage\":\"pt-PT\",\"@id\":\"https:\\\/\\\/aesia.pt\\\/portal\\\/#\\\/schema\\\/logo\\\/image\\\/\",\"url\":\"https:\\\/\\\/aesia.pt\\\/portal\\\/wp-content\\\/uploads\\\/2023\\\/04\\\/logo4.png\",\"contentUrl\":\"https:\\\/\\\/aesia.pt\\\/portal\\\/wp-content\\\/uploads\\\/2023\\\/04\\\/logo4.png\",\"width\":162,\"height\":162,\"caption\":\"Agrupamento de Escolas de Santa Iria de Az\u00f3ia\"},\"image\":{\"@id\":\"https:\\\/\\\/aesia.pt\\\/portal\\\/#\\\/schema\\\/logo\\\/image\\\/\"},\"sameAs\":[\"https:\\\/\\\/www.facebook.com\\\/aesia.pt\\\/\"]}]}<\/script>\n<!-- \/ Yoast SEO plugin. -->","yoast_head_json":{"title":"Projectos desenvolvimento Educativo &#8211; AESIA","robots":{"index":"index","follow":"follow","max-snippet":"max-snippet:-1","max-image-preview":"max-image-preview:large","max-video-preview":"max-video-preview:-1"},"canonical":"https:\/\/aesia.pt\/portal\/projectos-desenvolvimento-educativo\/","og_locale":"pt_PT","og_type":"article","og_title":"Projectos desenvolvimento Educativo &#8211; AESIA","og_description":"\u00a0O Agrupamento de Escolas de Santa Iria de Az\u00f3ia considera de grande import\u00e2ncia a planifica\u00e7\u00e3o e concretiza\u00e7\u00e3o de Projetos de&hellip; Ler mais Projectos desenvolvimento Educativo","og_url":"https:\/\/aesia.pt\/portal\/projectos-desenvolvimento-educativo\/","og_site_name":"AESIA","article_publisher":"https:\/\/www.facebook.com\/aesia.pt\/","article_modified_time":"2014-11-21T18:36:52+00:00","twitter_card":"summary_large_image","twitter_misc":{"Tempo estimado de leitura":"2 minutos"},"schema":{"@context":"https:\/\/schema.org","@graph":[{"@type":"WebPage","@id":"https:\/\/aesia.pt\/portal\/projectos-desenvolvimento-educativo\/","url":"https:\/\/aesia.pt\/portal\/projectos-desenvolvimento-educativo\/","name":"Projectos desenvolvimento Educativo &#8211; AESIA","isPartOf":{"@id":"https:\/\/aesia.pt\/portal\/#website"},"datePublished":"2014-11-18T14:21:29+00:00","dateModified":"2014-11-21T18:36:52+00:00","breadcrumb":{"@id":"https:\/\/aesia.pt\/portal\/projectos-desenvolvimento-educativo\/#breadcrumb"},"inLanguage":"pt-PT","potentialAction":[{"@type":"ReadAction","target":["https:\/\/aesia.pt\/portal\/projectos-desenvolvimento-educativo\/"]}]},{"@type":"BreadcrumbList","@id":"https:\/\/aesia.pt\/portal\/projectos-desenvolvimento-educativo\/#breadcrumb","itemListElement":[{"@type":"ListItem","position":1,"name":"Home","item":"https:\/\/aesia.pt\/portal\/"},{"@type":"ListItem","position":2,"name":"Projectos desenvolvimento Educativo"}]},{"@type":"WebSite","@id":"https:\/\/aesia.pt\/portal\/#website","url":"https:\/\/aesia.pt\/portal\/","name":"AESIA","description":"Agrupamento de Escolas de Santa Iria de Az\u00f3ia","publisher":{"@id":"https:\/\/aesia.pt\/portal\/#organization"},"alternateName":"Agrupamento de Escolas de Santa Iria de Az\u00f3ia","potentialAction":[{"@type":"SearchAction","target":{"@type":"EntryPoint","urlTemplate":"https:\/\/aesia.pt\/portal\/?s={search_term_string}"},"query-input":{"@type":"PropertyValueSpecification","valueRequired":true,"valueName":"search_term_string"}}],"inLanguage":"pt-PT"},{"@type":"Organization","@id":"https:\/\/aesia.pt\/portal\/#organization","name":"Agrupamento de Escolas de Santa Iria de Az\u00f3ia","alternateName":"AESIA","url":"https:\/\/aesia.pt\/portal\/","logo":{"@type":"ImageObject","inLanguage":"pt-PT","@id":"https:\/\/aesia.pt\/portal\/#\/schema\/logo\/image\/","url":"https:\/\/aesia.pt\/portal\/wp-content\/uploads\/2023\/04\/logo4.png","contentUrl":"https:\/\/aesia.pt\/portal\/wp-content\/uploads\/2023\/04\/logo4.png","width":162,"height":162,"caption":"Agrupamento de Escolas de Santa Iria de Az\u00f3ia"},"image":{"@id":"https:\/\/aesia.pt\/portal\/#\/schema\/logo\/image\/"},"sameAs":["https:\/\/www.facebook.com\/aesia.pt\/"]}]}},"_links":{"self":[{"href":"https:\/\/aesia.pt\/portal\/wp-json\/wp\/v2\/pages\/1223","targetHints":{"allow":["GET"]}}],"collection":[{"href":"https:\/\/aesia.pt\/portal\/wp-json\/wp\/v2\/pages"}],"about":[{"href":"https:\/\/aesia.pt\/portal\/wp-json\/wp\/v2\/types\/page"}],"author":[{"embeddable":true,"href":"https:\/\/aesia.pt\/portal\/wp-json\/wp\/v2\/users\/8"}],"replies":[{"embeddable":true,"href":"https:\/\/aesia.pt\/portal\/wp-json\/wp\/v2\/comments?post=1223"}],"version-history":[{"count":4,"href":"https:\/\/aesia.pt\/portal\/wp-json\/wp\/v2\/pages\/1223\/revisions"}],"predecessor-version":[{"id":1307,"href":"https:\/\/aesia.pt\/portal\/wp-json\/wp\/v2\/pages\/1223\/revisions\/1307"}],"wp:attachment":[{"href":"https:\/\/aesia.pt\/portal\/wp-json\/wp\/v2\/media?parent=1223"}],"curies":[{"name":"wp","href":"https:\/\/api.w.org\/{rel}","templated":true}]}}