{"id":1221,"date":"2014-11-18T14:20:00","date_gmt":"2014-11-18T14:20:00","guid":{"rendered":"http:\/\/aesia.pt\/portal\/?page_id=1221"},"modified":"2025-05-21T13:00:31","modified_gmt":"2025-05-21T13:00:31","slug":"clubes-e-projetos","status":"publish","type":"page","link":"https:\/\/aesia.pt\/portal\/clubes-e-projetos\/","title":{"rendered":"Clubes"},"content":{"rendered":"\n<p>Os clubes existentes no Agrupamento s\u00e3o atividades extracurriculares que proporcionam aos alunos, nas suas m\u00faltiplas vertentes:<\/p>\n\n\n\n<div class=\"wp-block-group\"><div class=\"wp-block-group__inner-container is-layout-constrained wp-block-group-is-layout-constrained\">\n<ul class=\"wp-block-list\">\n<li>desenvolver a criatividade, com tempo para refletir, organizar, explorar e executar;<\/li>\n\n\n\n<li>promover a autonomia e o sentido de responsabilidade;<\/li>\n\n\n\n<li>desenvolver atitudes e valores no \u00e2mbito da forma\u00e7\u00e3o pessoal e social, nomeadamente, melhoria da autoestima e da comunica\u00e7\u00e3o, respeito por si e pelos outros, compet\u00eancias de trabalho em equipa e espa\u00e7o de reflex\u00e3o cr\u00edtica, numa perspetiva de melhoria do resultado das tarefas e do processo;<\/li>\n\n\n\n<li>Adquirir e\/ou aplicar os conhecimentos. <\/li>\n<\/ul>\n<\/div><\/div>\n\n\n\n<p><\/p>\n\n\n<div class=\"wp-block-image\">\n<figure class=\"aligncenter size-full is-resized\"><a href=\"https:\/\/aesia.pt\/portal\/wp-content\/uploads\/2024\/12\/HorariosClubes.jpg\"><img loading=\"lazy\" decoding=\"async\" width=\"771\" height=\"703\" src=\"https:\/\/aesia.pt\/portal\/wp-content\/uploads\/2024\/12\/HorariosClubes.jpg\" alt=\"\" class=\"wp-image-13937\" style=\"width:583px;height:auto\" srcset=\"https:\/\/aesia.pt\/portal\/wp-content\/uploads\/2024\/12\/HorariosClubes.jpg 771w, https:\/\/aesia.pt\/portal\/wp-content\/uploads\/2024\/12\/HorariosClubes-300x274.jpg 300w, https:\/\/aesia.pt\/portal\/wp-content\/uploads\/2024\/12\/HorariosClubes-768x700.jpg 768w\" sizes=\"auto, (max-width: 771px) 100vw, 771px\" \/><\/a><\/figure>\n<\/div>\n\n\n<p><\/p>\n\n\n\n<p><\/p>\n\n\n\n<p class=\"has-text-align-center\"><strong><mark style=\"background-color:rgba(0, 0, 0, 0)\" class=\"has-inline-color has-vivid-cyan-blue-color\">Clube de Artes &#8211; Cer\u00e2mica <\/mark><\/strong><\/p>\n\n\n<div class=\"wp-block-image\">\n<figure class=\"aligncenter size-large is-resized\"><a href=\"https:\/\/aesia.pt\/portal\/wp-content\/uploads\/2024\/12\/Ceramica-scaled.jpg\"><img loading=\"lazy\" decoding=\"async\" width=\"732\" height=\"1024\" src=\"https:\/\/aesia.pt\/portal\/wp-content\/uploads\/2024\/12\/Ceramica-732x1024.jpg\" alt=\"\" class=\"wp-image-13834\" style=\"width:246px;height:auto\" srcset=\"https:\/\/aesia.pt\/portal\/wp-content\/uploads\/2024\/12\/Ceramica-732x1024.jpg 732w, https:\/\/aesia.pt\/portal\/wp-content\/uploads\/2024\/12\/Ceramica-214x300.jpg 214w, https:\/\/aesia.pt\/portal\/wp-content\/uploads\/2024\/12\/Ceramica-768x1075.jpg 768w, https:\/\/aesia.pt\/portal\/wp-content\/uploads\/2024\/12\/Ceramica-1097x1536.jpg 1097w, https:\/\/aesia.pt\/portal\/wp-content\/uploads\/2024\/12\/Ceramica-1463x2048.jpg 1463w, https:\/\/aesia.pt\/portal\/wp-content\/uploads\/2024\/12\/Ceramica-scaled.jpg 1829w\" sizes=\"auto, (max-width: 732px) 100vw, 732px\" \/><\/a><\/figure>\n<\/div>\n\n\n<p><\/p>\n\n\n\n<p><\/p>\n\n\n\n<p class=\"has-text-align-center\"><strong><mark style=\"background-color:rgba(0, 0, 0, 0)\" class=\"has-inline-color has-vivid-cyan-blue-color\">Clube <strong><mark style=\"background-color:rgba(0, 0, 0, 0)\" class=\"has-inline-color has-vivid-cyan-blue-color\">de Artes &#8211;<\/mark><\/strong> M\u00fasica<\/mark><\/strong><\/p>\n\n\n\n<p>Desenvolver as capacidades musicais, a literacia musical, fomentar o gosto pela m\u00fasica atrav\u00e9s da pr\u00e1tica instrumental ou vocal, envolvendo-se em atividades geradoras de atitudes de concentra\u00e7\u00e3o, comunica\u00e7\u00e3o, coopera\u00e7\u00e3o e partilha. Neste contexto, s\u00e3o dinamizadas atividades l\u00fadico\/culturais integradas na cultura e projetos do Agrupamento e da comunidade em geral, promovendo apresenta\u00e7\u00f5es p\u00fablicas, como forma de divulga\u00e7\u00e3o do trabalho realizado.<\/p>\n\n\n<div class=\"wp-block-image\">\n<figure class=\"aligncenter size-large is-resized\"><a href=\"https:\/\/aesia.pt\/portal\/wp-content\/uploads\/2024\/12\/Musica-scaled.jpg\"><img loading=\"lazy\" decoding=\"async\" width=\"710\" height=\"1024\" src=\"https:\/\/aesia.pt\/portal\/wp-content\/uploads\/2024\/12\/Musica-710x1024.jpg\" alt=\"\" class=\"wp-image-13826\" style=\"width:244px;height:auto\" srcset=\"https:\/\/aesia.pt\/portal\/wp-content\/uploads\/2024\/12\/Musica-710x1024.jpg 710w, https:\/\/aesia.pt\/portal\/wp-content\/uploads\/2024\/12\/Musica-208x300.jpg 208w, https:\/\/aesia.pt\/portal\/wp-content\/uploads\/2024\/12\/Musica-768x1108.jpg 768w, https:\/\/aesia.pt\/portal\/wp-content\/uploads\/2024\/12\/Musica-1065x1536.jpg 1065w, https:\/\/aesia.pt\/portal\/wp-content\/uploads\/2024\/12\/Musica-1420x2048.jpg 1420w, https:\/\/aesia.pt\/portal\/wp-content\/uploads\/2024\/12\/Musica-scaled.jpg 1775w\" sizes=\"auto, (max-width: 710px) 100vw, 710px\" \/><\/a><\/figure>\n<\/div>\n\n\n<p><\/p>\n\n\n\n<p><\/p>\n\n\n\n<p class=\"has-text-align-center\"><strong><mark style=\"background-color:rgba(0, 0, 0, 0)\" class=\"has-inline-color has-vivid-cyan-blue-color\">Clube <strong><mark style=\"background-color:rgba(0, 0, 0, 0)\" class=\"has-inline-color has-vivid-cyan-blue-color\">de Artes &#8211;<\/mark><\/strong> Pintura &amp; Design<\/mark><\/strong><\/p>\n\n\n\n<ul class=\"wp-block-list\">\n<li>Desenvolver a sensibilidade est\u00e9tica e a criatividade;<\/li>\n\n\n\n<li>Desenvolver a capacidade de express\u00e3o pl\u00e1stica;<\/li>\n\n\n\n<li>Exprimir-se com liberdade e imagina\u00e7\u00e3o na conce\u00e7\u00e3o de trabalhos pr\u00e1ticos;<\/li>\n\n\n\n<li>Permitir o conhecimento de novos instrumentos de trabalho, novas t\u00e9cnicas e novos materiais;<\/li>\n\n\n\n<li>Tomar contacto com valores, atitudes, problemas, vocabul\u00e1rio espec\u00edfico da atividade art\u00edstica;<\/li>\n\n\n\n<li>Desenvolver compet\u00eancias de autonomia;<\/li>\n\n\n\n<li>Promover o pensamento criativo, o sentido est\u00e9tico e autocr\u00edtico atrav\u00e9s do contacto com diferentes formas de express\u00e3o;<\/li>\n\n\n\n<li>Estimular atitudes e valores de sustentabilidade ambiental.<\/li>\n<\/ul>\n\n\n<div class=\"wp-block-image\">\n<figure class=\"aligncenter size-large is-resized\"><a href=\"https:\/\/aesia.pt\/portal\/wp-content\/uploads\/2024\/12\/Cartazes-Clube-de-Pintura.png\"><img loading=\"lazy\" decoding=\"async\" width=\"1024\" height=\"1024\" src=\"https:\/\/aesia.pt\/portal\/wp-content\/uploads\/2024\/12\/Cartazes-Clube-de-Pintura-1024x1024.png\" alt=\"\" class=\"wp-image-13838\" style=\"width:356px;height:auto\" srcset=\"https:\/\/aesia.pt\/portal\/wp-content\/uploads\/2024\/12\/Cartazes-Clube-de-Pintura-1024x1024.png 1024w, https:\/\/aesia.pt\/portal\/wp-content\/uploads\/2024\/12\/Cartazes-Clube-de-Pintura-300x300.png 300w, https:\/\/aesia.pt\/portal\/wp-content\/uploads\/2024\/12\/Cartazes-Clube-de-Pintura-150x150.png 150w, https:\/\/aesia.pt\/portal\/wp-content\/uploads\/2024\/12\/Cartazes-Clube-de-Pintura-768x768.png 768w, https:\/\/aesia.pt\/portal\/wp-content\/uploads\/2024\/12\/Cartazes-Clube-de-Pintura-1536x1536.png 1536w, https:\/\/aesia.pt\/portal\/wp-content\/uploads\/2024\/12\/Cartazes-Clube-de-Pintura-2048x2048.png 2048w\" sizes=\"auto, (max-width: 1024px) 100vw, 1024px\" \/><\/a><\/figure>\n<\/div>\n\n\n<p><\/p>\n\n\n\n<p><\/p>\n\n\n\n<p class=\"has-text-align-center\"><strong><mark style=\"background-color:rgba(0, 0, 0, 0)\" class=\"has-inline-color has-vivid-cyan-blue-color\">Clube da Ci\u00eancia<\/mark><\/strong><\/p>\n\n\n\n<p>O Clube Ci\u00eancia Viva funciona nas escolas, da Educa\u00e7\u00e3o Pr\u00e9-escolar ao 3\u00ba CEB, como espa\u00e7o aberto de contacto com a ci\u00eancia e a tecnologia. As crian\u00e7as e os alunos podem experienciar e ter acesso generalizado a pr\u00e1ticas cient\u00edficas, promovendo o ensino experimental das ci\u00eancias.&nbsp;Na Educa\u00e7\u00e3o Pr\u00e9-escolar e 1\u00baCEB, os materiais de ci\u00eancia encontram-se na escola EB da Bela Vista e s\u00e3o requisitados pelos docentes, dando a todas as escolas, a possibilidade de realizar experi\u00eancias cient\u00edficas diversificadas. <\/p>\n\n\n\n<div class=\"wp-block-group\"><div class=\"wp-block-group__inner-container is-layout-constrained wp-block-group-is-layout-constrained\">\n<div class=\"wp-block-group is-layout-grid wp-container-core-group-is-layout-9649a0d9 wp-block-group-is-layout-grid\">\n<p><\/p>\n\n\n\n<div class=\"wp-block-columns is-layout-flex wp-container-core-columns-is-layout-9d6595d7 wp-block-columns-is-layout-flex\">\n<div class=\"wp-block-column is-layout-flow wp-block-column-is-layout-flow\" style=\"flex-basis:100%\">\n<figure class=\"wp-block-image size-large\"><a href=\"https:\/\/aesia.pt\/portal\/wp-content\/uploads\/2024\/12\/Clube-Ciencia-Viva-AESIA-1-4.png\"><img loading=\"lazy\" decoding=\"async\" width=\"724\" height=\"1024\" src=\"https:\/\/aesia.pt\/portal\/wp-content\/uploads\/2024\/12\/Clube-Ciencia-Viva-AESIA-1-4-724x1024.png\" alt=\"\" class=\"wp-image-13940\" srcset=\"https:\/\/aesia.pt\/portal\/wp-content\/uploads\/2024\/12\/Clube-Ciencia-Viva-AESIA-1-4-724x1024.png 724w, https:\/\/aesia.pt\/portal\/wp-content\/uploads\/2024\/12\/Clube-Ciencia-Viva-AESIA-1-4-212x300.png 212w, https:\/\/aesia.pt\/portal\/wp-content\/uploads\/2024\/12\/Clube-Ciencia-Viva-AESIA-1-4-768x1086.png 768w, https:\/\/aesia.pt\/portal\/wp-content\/uploads\/2024\/12\/Clube-Ciencia-Viva-AESIA-1-4-1086x1536.png 1086w, https:\/\/aesia.pt\/portal\/wp-content\/uploads\/2024\/12\/Clube-Ciencia-Viva-AESIA-1-4-1448x2048.png 1448w, https:\/\/aesia.pt\/portal\/wp-content\/uploads\/2024\/12\/Clube-Ciencia-Viva-AESIA-1-4.png 1587w\" sizes=\"auto, (max-width: 724px) 100vw, 724px\" \/><\/a><\/figure>\n<\/div>\n<\/div>\n\n\n\n<figure class=\"wp-block-image size-large wp-container-content-69bc4bdf\"><a href=\"https:\/\/aesia.pt\/portal\/wp-content\/uploads\/2024\/12\/24-25-Poster-CCV-Inscricoes-2.png\"><img loading=\"lazy\" decoding=\"async\" width=\"724\" height=\"1024\" src=\"https:\/\/aesia.pt\/portal\/wp-content\/uploads\/2024\/12\/24-25-Poster-CCV-Inscricoes-2-724x1024.png\" alt=\"\" class=\"wp-image-13844\" srcset=\"https:\/\/aesia.pt\/portal\/wp-content\/uploads\/2024\/12\/24-25-Poster-CCV-Inscricoes-2-724x1024.png 724w, https:\/\/aesia.pt\/portal\/wp-content\/uploads\/2024\/12\/24-25-Poster-CCV-Inscricoes-2-212x300.png 212w, https:\/\/aesia.pt\/portal\/wp-content\/uploads\/2024\/12\/24-25-Poster-CCV-Inscricoes-2-768x1086.png 768w, https:\/\/aesia.pt\/portal\/wp-content\/uploads\/2024\/12\/24-25-Poster-CCV-Inscricoes-2-1086x1536.png 1086w, https:\/\/aesia.pt\/portal\/wp-content\/uploads\/2024\/12\/24-25-Poster-CCV-Inscricoes-2.png 1414w\" sizes=\"auto, (max-width: 724px) 100vw, 724px\" \/><\/a><\/figure>\n<\/div>\n<\/div><\/div>\n\n\n\n<p><\/p>\n\n\n\n<p><\/p>\n\n\n\n<p class=\"has-text-align-center\"><strong><mark style=\"background-color:rgba(0, 0, 0, 0)\" class=\"has-inline-color has-vivid-cyan-blue-color\">Clube de Franc\u00eas<\/mark><\/strong><\/p>\n\n\n\n<div class=\"wp-block-group is-nowrap is-layout-flex wp-container-core-group-is-layout-ad2f72ca wp-block-group-is-layout-flex\">\n<p>Criar um espa\u00e7o vivo e din\u00e2mico de aprendizagem e aperfei\u00e7oamento de conhecimentos da l\u00edngua francesa; desenvolver o gosto pelo contacto com a l\u00edngua francesa; mobilizar recursos lingu\u00edsticos na<br>intera\u00e7\u00e3o verbal, na rece\u00e7\u00e3o e produ\u00e7\u00e3o de textos orais e escritos, tendo em vista desempenhos;<br>contribuir para o desenvolvimento integral e harmonioso do aluno adequados \u00e0s situa\u00e7\u00f5es de<br>comunica\u00e7\u00e3o. (ver mais <a href=\"https:\/\/drive.google.com\/file\/d\/1ar739DhFXASfpY163xy1OKNVfg83NmqD\/view?usp=sharing\">aqui<\/a>)<\/p>\n\n\n\n<figure class=\"wp-block-image size-large is-resized\"><a href=\"https:\/\/aesia.pt\/portal\/wp-content\/uploads\/2024\/12\/Frances-scaled.jpg\"><img loading=\"lazy\" decoding=\"async\" width=\"1024\" height=\"714\" src=\"https:\/\/aesia.pt\/portal\/wp-content\/uploads\/2024\/12\/Frances-1024x714.jpg\" alt=\"\" class=\"wp-image-13835\" style=\"width:405px;height:auto\" srcset=\"https:\/\/aesia.pt\/portal\/wp-content\/uploads\/2024\/12\/Frances-1024x714.jpg 1024w, https:\/\/aesia.pt\/portal\/wp-content\/uploads\/2024\/12\/Frances-300x209.jpg 300w, https:\/\/aesia.pt\/portal\/wp-content\/uploads\/2024\/12\/Frances-768x536.jpg 768w, https:\/\/aesia.pt\/portal\/wp-content\/uploads\/2024\/12\/Frances-1536x1071.jpg 1536w, https:\/\/aesia.pt\/portal\/wp-content\/uploads\/2024\/12\/Frances-2048x1429.jpg 2048w\" sizes=\"auto, (max-width: 1024px) 100vw, 1024px\" \/><\/a><\/figure>\n<\/div>\n\n\n\n<details class=\"wp-block-details is-layout-flow wp-block-details-is-layout-flow\"><summary><\/summary>\n<div class=\"wp-block-group is-nowrap is-layout-flex wp-container-core-group-is-layout-ad2f72ca wp-block-group-is-layout-flex\"><\/div>\n<\/details>\n\n\n\n<figure class=\"wp-block-image size-full\"><a href=\"https:\/\/aesia.pt\/portal\/wp-content\/uploads\/2025\/01\/image-2-2.png\"><img loading=\"lazy\" decoding=\"async\" width=\"631\" height=\"205\" src=\"https:\/\/aesia.pt\/portal\/wp-content\/uploads\/2025\/01\/image-2-2.png\" alt=\"\" class=\"wp-image-14789\" srcset=\"https:\/\/aesia.pt\/portal\/wp-content\/uploads\/2025\/01\/image-2-2.png 631w, https:\/\/aesia.pt\/portal\/wp-content\/uploads\/2025\/01\/image-2-2-300x97.png 300w\" sizes=\"auto, (max-width: 631px) 100vw, 631px\" \/><\/a><\/figure>\n\n\n\n<p><a href=\"https:\/\/www.youtube.com\/channel\/UCqGbyUz6sf0J-ZeZ9Q8E6Nw\">https:\/\/www.youtube.com\/channel\/UCqGbyUz6sf0J-ZeZ9Q8E6Nw<\/a><\/p>\n\n\n\n<figure class=\"wp-block-image size-full is-resized\"><a href=\"https:\/\/aesia.pt\/portal\/wp-content\/uploads\/2025\/01\/image-8.png\"><img loading=\"lazy\" decoding=\"async\" width=\"304\" height=\"291\" src=\"https:\/\/aesia.pt\/portal\/wp-content\/uploads\/2025\/01\/image-8.png\" alt=\"\" class=\"wp-image-14787\" style=\"width:304px;height:auto\" srcset=\"https:\/\/aesia.pt\/portal\/wp-content\/uploads\/2025\/01\/image-8.png 304w, https:\/\/aesia.pt\/portal\/wp-content\/uploads\/2025\/01\/image-8-300x287.png 300w\" sizes=\"auto, (max-width: 304px) 100vw, 304px\" \/><\/a><\/figure>\n\n\n\n<p><a href=\"https:\/\/sites.google.com\/aesia.pt\/franclub\">https:\/\/sites.google.com\/aesia.pt\/franclub<\/a><\/p>\n\n\n\n<figure class=\"wp-block-gallery has-nested-images columns-default is-cropped wp-block-gallery-1 is-layout-flex wp-block-gallery-is-layout-flex\">\n<figure class=\"wp-block-image size-large\"><a href=\"https:\/\/aesia.pt\/portal\/wp-content\/uploads\/2025\/01\/image-3-1.png\"><img loading=\"lazy\" decoding=\"async\" width=\"730\" height=\"760\" data-id=\"14790\" src=\"https:\/\/aesia.pt\/portal\/wp-content\/uploads\/2025\/01\/image-3-1.png\" alt=\"\" class=\"wp-image-14790\" srcset=\"https:\/\/aesia.pt\/portal\/wp-content\/uploads\/2025\/01\/image-3-1.png 730w, https:\/\/aesia.pt\/portal\/wp-content\/uploads\/2025\/01\/image-3-1-288x300.png 288w\" sizes=\"auto, (max-width: 730px) 100vw, 730px\" \/><\/a><\/figure>\n<\/figure>\n\n\n\n<p><a href=\"https:\/\/www.instagram.com\/franclub.aesia\/#\">https:\/\/www.instagram.com\/franclub.aesia\/#<\/a><\/p>\n\n\n\n<p><\/p>\n\n\n\n<p><\/p>\n\n\n\n<p class=\"has-text-align-center\"><strong><mark style=\"background-color:rgba(0, 0, 0, 0)\" class=\"has-inline-color has-vivid-cyan-blue-color\">Clube de Teatro<\/mark><\/strong><\/p>\n\n\n\n<p>Criar um espa\u00e7o seguro onde os alunos se possam sentir livres para criar e usar a imagina\u00e7\u00e3o.<br>Exerc\u00edcios que contribuem para potenciara a autoestima e se resolverem frustra\u00e7\u00f5es. Desenvolver o trabalho em equipa e o esp\u00edrito de comunidade.<br>Encenar uma pe\u00e7a.<\/p>\n\n\n<div class=\"wp-block-image\">\n<figure class=\"aligncenter size-large is-resized\"><a href=\"https:\/\/aesia.pt\/portal\/wp-content\/uploads\/2024\/12\/Teatro.png\"><img loading=\"lazy\" decoding=\"async\" width=\"1024\" height=\"1024\" src=\"https:\/\/aesia.pt\/portal\/wp-content\/uploads\/2024\/12\/Teatro-1024x1024.png\" alt=\"\" class=\"wp-image-13839\" style=\"width:362px;height:auto\" srcset=\"https:\/\/aesia.pt\/portal\/wp-content\/uploads\/2024\/12\/Teatro-1024x1024.png 1024w, https:\/\/aesia.pt\/portal\/wp-content\/uploads\/2024\/12\/Teatro-300x300.png 300w, https:\/\/aesia.pt\/portal\/wp-content\/uploads\/2024\/12\/Teatro-150x150.png 150w, https:\/\/aesia.pt\/portal\/wp-content\/uploads\/2024\/12\/Teatro-768x768.png 768w, https:\/\/aesia.pt\/portal\/wp-content\/uploads\/2024\/12\/Teatro.png 1080w\" sizes=\"auto, (max-width: 1024px) 100vw, 1024px\" \/><\/a><\/figure>\n<\/div>","protected":false},"excerpt":{"rendered":"<p>Os clubes existentes no Agrupamento s\u00e3o atividades extracurriculares que proporcionam aos alunos, nas suas m\u00faltiplas vertentes: Clube de Artes &#8211;&hellip; <a class=\"continue\" href=\"https:\/\/aesia.pt\/portal\/clubes-e-projetos\/\">Ler mais<span> Clubes<\/span><\/a><\/p>\n","protected":false},"author":8,"featured_media":0,"parent":0,"menu_order":0,"comment_status":"open","ping_status":"open","template":"p_base.php","meta":{"_acf_changed":false,"footnotes":""},"class_list":["post-1221","page","type-page","status-publish","hentry"],"acf":[],"yoast_head":"<!-- This site is optimized with the Yoast SEO plugin v27.4 - https:\/\/yoast.com\/product\/yoast-seo-wordpress\/ -->\n<title>Clubes &#8211; AESIA<\/title>\n<meta name=\"robots\" content=\"index, follow, max-snippet:-1, max-image-preview:large, max-video-preview:-1\" \/>\n<link rel=\"canonical\" href=\"https:\/\/aesia.pt\/portal\/clubes-e-projetos\/\" \/>\n<meta property=\"og:locale\" content=\"pt_PT\" \/>\n<meta property=\"og:type\" content=\"article\" \/>\n<meta property=\"og:title\" content=\"Clubes &#8211; AESIA\" \/>\n<meta property=\"og:description\" content=\"Os clubes existentes no Agrupamento s\u00e3o atividades extracurriculares que proporcionam aos alunos, nas suas m\u00faltiplas vertentes: Clube de Artes &#8211;&hellip; Ler mais Clubes\" \/>\n<meta property=\"og:url\" content=\"https:\/\/aesia.pt\/portal\/clubes-e-projetos\/\" \/>\n<meta property=\"og:site_name\" content=\"AESIA\" \/>\n<meta property=\"article:publisher\" content=\"https:\/\/www.facebook.com\/aesia.pt\/\" \/>\n<meta property=\"article:modified_time\" content=\"2025-05-21T13:00:31+00:00\" \/>\n<meta property=\"og:image\" content=\"https:\/\/aesia.pt\/portal\/wp-content\/uploads\/2024\/12\/HorariosClubes.jpg\" \/>\n\t<meta property=\"og:image:width\" content=\"771\" \/>\n\t<meta property=\"og:image:height\" content=\"703\" \/>\n\t<meta property=\"og:image:type\" content=\"image\/jpeg\" \/>\n<meta name=\"twitter:card\" content=\"summary_large_image\" \/>\n<meta name=\"twitter:label1\" content=\"Tempo estimado de leitura\" \/>\n\t<meta name=\"twitter:data1\" content=\"3 minutos\" \/>\n<script type=\"application\/ld+json\" class=\"yoast-schema-graph\">{\"@context\":\"https:\\\/\\\/schema.org\",\"@graph\":[{\"@type\":\"WebPage\",\"@id\":\"https:\\\/\\\/aesia.pt\\\/portal\\\/clubes-e-projetos\\\/\",\"url\":\"https:\\\/\\\/aesia.pt\\\/portal\\\/clubes-e-projetos\\\/\",\"name\":\"Clubes &#8211; AESIA\",\"isPartOf\":{\"@id\":\"https:\\\/\\\/aesia.pt\\\/portal\\\/#website\"},\"primaryImageOfPage\":{\"@id\":\"https:\\\/\\\/aesia.pt\\\/portal\\\/clubes-e-projetos\\\/#primaryimage\"},\"image\":{\"@id\":\"https:\\\/\\\/aesia.pt\\\/portal\\\/clubes-e-projetos\\\/#primaryimage\"},\"thumbnailUrl\":\"https:\\\/\\\/aesia.pt\\\/portal\\\/wp-content\\\/uploads\\\/2024\\\/12\\\/HorariosClubes.jpg\",\"datePublished\":\"2014-11-18T14:20:00+00:00\",\"dateModified\":\"2025-05-21T13:00:31+00:00\",\"breadcrumb\":{\"@id\":\"https:\\\/\\\/aesia.pt\\\/portal\\\/clubes-e-projetos\\\/#breadcrumb\"},\"inLanguage\":\"pt-PT\",\"potentialAction\":[{\"@type\":\"ReadAction\",\"target\":[\"https:\\\/\\\/aesia.pt\\\/portal\\\/clubes-e-projetos\\\/\"]}]},{\"@type\":\"ImageObject\",\"inLanguage\":\"pt-PT\",\"@id\":\"https:\\\/\\\/aesia.pt\\\/portal\\\/clubes-e-projetos\\\/#primaryimage\",\"url\":\"https:\\\/\\\/aesia.pt\\\/portal\\\/wp-content\\\/uploads\\\/2024\\\/12\\\/HorariosClubes.jpg\",\"contentUrl\":\"https:\\\/\\\/aesia.pt\\\/portal\\\/wp-content\\\/uploads\\\/2024\\\/12\\\/HorariosClubes.jpg\",\"width\":771,\"height\":703},{\"@type\":\"BreadcrumbList\",\"@id\":\"https:\\\/\\\/aesia.pt\\\/portal\\\/clubes-e-projetos\\\/#breadcrumb\",\"itemListElement\":[{\"@type\":\"ListItem\",\"position\":1,\"name\":\"Home\",\"item\":\"https:\\\/\\\/aesia.pt\\\/portal\\\/\"},{\"@type\":\"ListItem\",\"position\":2,\"name\":\"Clubes\"}]},{\"@type\":\"WebSite\",\"@id\":\"https:\\\/\\\/aesia.pt\\\/portal\\\/#website\",\"url\":\"https:\\\/\\\/aesia.pt\\\/portal\\\/\",\"name\":\"AESIA\",\"description\":\"Agrupamento de Escolas de Santa Iria de Az\u00f3ia\",\"publisher\":{\"@id\":\"https:\\\/\\\/aesia.pt\\\/portal\\\/#organization\"},\"alternateName\":\"Agrupamento de Escolas de Santa Iria de Az\u00f3ia\",\"potentialAction\":[{\"@type\":\"SearchAction\",\"target\":{\"@type\":\"EntryPoint\",\"urlTemplate\":\"https:\\\/\\\/aesia.pt\\\/portal\\\/?s={search_term_string}\"},\"query-input\":{\"@type\":\"PropertyValueSpecification\",\"valueRequired\":true,\"valueName\":\"search_term_string\"}}],\"inLanguage\":\"pt-PT\"},{\"@type\":\"Organization\",\"@id\":\"https:\\\/\\\/aesia.pt\\\/portal\\\/#organization\",\"name\":\"Agrupamento de Escolas de Santa Iria de Az\u00f3ia\",\"alternateName\":\"AESIA\",\"url\":\"https:\\\/\\\/aesia.pt\\\/portal\\\/\",\"logo\":{\"@type\":\"ImageObject\",\"inLanguage\":\"pt-PT\",\"@id\":\"https:\\\/\\\/aesia.pt\\\/portal\\\/#\\\/schema\\\/logo\\\/image\\\/\",\"url\":\"https:\\\/\\\/aesia.pt\\\/portal\\\/wp-content\\\/uploads\\\/2023\\\/04\\\/logo4.png\",\"contentUrl\":\"https:\\\/\\\/aesia.pt\\\/portal\\\/wp-content\\\/uploads\\\/2023\\\/04\\\/logo4.png\",\"width\":162,\"height\":162,\"caption\":\"Agrupamento de Escolas de Santa Iria de Az\u00f3ia\"},\"image\":{\"@id\":\"https:\\\/\\\/aesia.pt\\\/portal\\\/#\\\/schema\\\/logo\\\/image\\\/\"},\"sameAs\":[\"https:\\\/\\\/www.facebook.com\\\/aesia.pt\\\/\"]}]}<\/script>\n<!-- \/ Yoast SEO plugin. -->","yoast_head_json":{"title":"Clubes &#8211; AESIA","robots":{"index":"index","follow":"follow","max-snippet":"max-snippet:-1","max-image-preview":"max-image-preview:large","max-video-preview":"max-video-preview:-1"},"canonical":"https:\/\/aesia.pt\/portal\/clubes-e-projetos\/","og_locale":"pt_PT","og_type":"article","og_title":"Clubes &#8211; AESIA","og_description":"Os clubes existentes no Agrupamento s\u00e3o atividades extracurriculares que proporcionam aos alunos, nas suas m\u00faltiplas vertentes: Clube de Artes &#8211;&hellip; Ler mais Clubes","og_url":"https:\/\/aesia.pt\/portal\/clubes-e-projetos\/","og_site_name":"AESIA","article_publisher":"https:\/\/www.facebook.com\/aesia.pt\/","article_modified_time":"2025-05-21T13:00:31+00:00","og_image":[{"width":771,"height":703,"url":"https:\/\/aesia.pt\/portal\/wp-content\/uploads\/2024\/12\/HorariosClubes.jpg","type":"image\/jpeg"}],"twitter_card":"summary_large_image","twitter_misc":{"Tempo estimado de leitura":"3 minutos"},"schema":{"@context":"https:\/\/schema.org","@graph":[{"@type":"WebPage","@id":"https:\/\/aesia.pt\/portal\/clubes-e-projetos\/","url":"https:\/\/aesia.pt\/portal\/clubes-e-projetos\/","name":"Clubes &#8211; AESIA","isPartOf":{"@id":"https:\/\/aesia.pt\/portal\/#website"},"primaryImageOfPage":{"@id":"https:\/\/aesia.pt\/portal\/clubes-e-projetos\/#primaryimage"},"image":{"@id":"https:\/\/aesia.pt\/portal\/clubes-e-projetos\/#primaryimage"},"thumbnailUrl":"https:\/\/aesia.pt\/portal\/wp-content\/uploads\/2024\/12\/HorariosClubes.jpg","datePublished":"2014-11-18T14:20:00+00:00","dateModified":"2025-05-21T13:00:31+00:00","breadcrumb":{"@id":"https:\/\/aesia.pt\/portal\/clubes-e-projetos\/#breadcrumb"},"inLanguage":"pt-PT","potentialAction":[{"@type":"ReadAction","target":["https:\/\/aesia.pt\/portal\/clubes-e-projetos\/"]}]},{"@type":"ImageObject","inLanguage":"pt-PT","@id":"https:\/\/aesia.pt\/portal\/clubes-e-projetos\/#primaryimage","url":"https:\/\/aesia.pt\/portal\/wp-content\/uploads\/2024\/12\/HorariosClubes.jpg","contentUrl":"https:\/\/aesia.pt\/portal\/wp-content\/uploads\/2024\/12\/HorariosClubes.jpg","width":771,"height":703},{"@type":"BreadcrumbList","@id":"https:\/\/aesia.pt\/portal\/clubes-e-projetos\/#breadcrumb","itemListElement":[{"@type":"ListItem","position":1,"name":"Home","item":"https:\/\/aesia.pt\/portal\/"},{"@type":"ListItem","position":2,"name":"Clubes"}]},{"@type":"WebSite","@id":"https:\/\/aesia.pt\/portal\/#website","url":"https:\/\/aesia.pt\/portal\/","name":"AESIA","description":"Agrupamento de Escolas de Santa Iria de Az\u00f3ia","publisher":{"@id":"https:\/\/aesia.pt\/portal\/#organization"},"alternateName":"Agrupamento de Escolas de Santa Iria de Az\u00f3ia","potentialAction":[{"@type":"SearchAction","target":{"@type":"EntryPoint","urlTemplate":"https:\/\/aesia.pt\/portal\/?s={search_term_string}"},"query-input":{"@type":"PropertyValueSpecification","valueRequired":true,"valueName":"search_term_string"}}],"inLanguage":"pt-PT"},{"@type":"Organization","@id":"https:\/\/aesia.pt\/portal\/#organization","name":"Agrupamento de Escolas de Santa Iria de Az\u00f3ia","alternateName":"AESIA","url":"https:\/\/aesia.pt\/portal\/","logo":{"@type":"ImageObject","inLanguage":"pt-PT","@id":"https:\/\/aesia.pt\/portal\/#\/schema\/logo\/image\/","url":"https:\/\/aesia.pt\/portal\/wp-content\/uploads\/2023\/04\/logo4.png","contentUrl":"https:\/\/aesia.pt\/portal\/wp-content\/uploads\/2023\/04\/logo4.png","width":162,"height":162,"caption":"Agrupamento de Escolas de Santa Iria de Az\u00f3ia"},"image":{"@id":"https:\/\/aesia.pt\/portal\/#\/schema\/logo\/image\/"},"sameAs":["https:\/\/www.facebook.com\/aesia.pt\/"]}]}},"_links":{"self":[{"href":"https:\/\/aesia.pt\/portal\/wp-json\/wp\/v2\/pages\/1221","targetHints":{"allow":["GET"]}}],"collection":[{"href":"https:\/\/aesia.pt\/portal\/wp-json\/wp\/v2\/pages"}],"about":[{"href":"https:\/\/aesia.pt\/portal\/wp-json\/wp\/v2\/types\/page"}],"author":[{"embeddable":true,"href":"https:\/\/aesia.pt\/portal\/wp-json\/wp\/v2\/users\/8"}],"replies":[{"embeddable":true,"href":"https:\/\/aesia.pt\/portal\/wp-json\/wp\/v2\/comments?post=1221"}],"version-history":[{"count":29,"href":"https:\/\/aesia.pt\/portal\/wp-json\/wp\/v2\/pages\/1221\/revisions"}],"predecessor-version":[{"id":15483,"href":"https:\/\/aesia.pt\/portal\/wp-json\/wp\/v2\/pages\/1221\/revisions\/15483"}],"wp:attachment":[{"href":"https:\/\/aesia.pt\/portal\/wp-json\/wp\/v2\/media?parent=1221"}],"curies":[{"name":"wp","href":"https:\/\/api.w.org\/{rel}","templated":true}]}}