{"id":1219,"date":"2014-11-18T14:19:41","date_gmt":"2014-11-18T14:19:41","guid":{"rendered":"http:\/\/aesia.pt\/portal\/?page_id=1219"},"modified":"2025-10-27T14:51:56","modified_gmt":"2025-10-27T14:51:56","slug":"educacao-para-saude","status":"publish","type":"page","link":"https:\/\/aesia.pt\/portal\/educacao-para-saude\/","title":{"rendered":"Educa\u00e7\u00e3o para a Sa\u00fade"},"content":{"rendered":"\n<p><strong>\u00abA educa\u00e7\u00e3o para a sa\u00fade tem como objetivos centrais a informa\u00e7\u00e3o e a consciencializa\u00e7\u00e3o de cada pessoa acerca da sua pr\u00f3pria sa\u00fade e a aquisi\u00e7\u00e3o de compet\u00eancias que a habilitem para uma progressiva autorresponsabiliza\u00e7\u00e3o.\u00bb<br>(<a href=\"https:\/\/diariodarepublica.pt\/dr\/detalhe\/portaria\/196-a-2010-388625\">Portaria n.\u00ba 196-A\/2010 de 9 de abril<\/a>)<\/strong><\/p>\n\n\n<div class=\"wp-block-image\">\n<figure class=\"aligncenter is-resized\"><a href=\"https:\/\/aesia.pt\/portal\/wp-content\/uploads\/2014\/11\/icon-saude.jpg\"><img loading=\"lazy\" decoding=\"async\" width=\"380\" height=\"380\" src=\"https:\/\/aesia.pt\/portal\/wp-content\/uploads\/2014\/11\/icon-saude.jpg\" alt=\"icon-saude\" class=\"wp-image-1311\" style=\"width:122px;height:auto\" srcset=\"https:\/\/aesia.pt\/portal\/wp-content\/uploads\/2014\/11\/icon-saude.jpg 380w, https:\/\/aesia.pt\/portal\/wp-content\/uploads\/2014\/11\/icon-saude-150x150.jpg 150w, https:\/\/aesia.pt\/portal\/wp-content\/uploads\/2014\/11\/icon-saude-300x300.jpg 300w\" sizes=\"auto, (max-width: 380px) 100vw, 380px\" \/><\/a><\/figure>\n<\/div>\n\n\n<p>A Sa\u00fade \u00e9 um conceito positivo, um recurso quotidiano que implica \u201cum estado completo de bem-estar f\u00edsico, social e mental e n\u00e3o apenas a aus\u00eancia de doen\u00e7a e\/ou enfermidade\u201d (OMS, 1993).<\/p>\n\n\n\n<p><\/p>\n\n\n\n<p> Em contexto escolar, Educar para a Sa\u00fade consiste em dotar as crian\u00e7as e os jovens de conhecimentos, atitudes e valores que os ajudem, de forma mais consciente, a fazer op\u00e7\u00f5es e a tomar decis\u00f5es adequadas \u00e0 sua sa\u00fade e ao seu bem-estar f\u00edsico, social e mental.<\/p>\n\n\n\n<p>Assim sendo, elaborou-se o<a href=\"https:\/\/drive.google.com\/file\/d\/1s2CPD6ALiDErzBhDxNLYPD-SoruEDpY7\/view?usp=sharing\"> Projeto de Educa\u00e7\u00e3o para a Sa\u00fade<\/a>, cujo nosso prop\u00f3sito \u00e9 trabalhar para que, no nosso Agrupamento, a educa\u00e7\u00e3o para a sa\u00fade seja implementada de forma equilibrada, no respeito pelas orienta\u00e7\u00f5es legais e tendo em conta as quest\u00f5es e os anseios dos alunos e as preocupa\u00e7\u00f5es dos pais e encarregados de educa\u00e7\u00e3o.<\/p>\n\n\n\n<p>As atividades s\u00e3o dinamizadas, sempre que poss\u00edvel, em colabora\u00e7\u00e3o estreita com os pais e Encarregados de Educa\u00e7\u00e3o, servi\u00e7os de sa\u00fade e\/ou outras entidades externas, fomentando a participa\u00e7\u00e3o familiar e a liga\u00e7\u00e3o ativa \u00e0 comunidade.<\/p>\n\n\n\n<p>S\u00e3o tamb\u00e9m atividades que promovem na escola rela\u00e7\u00f5es humanas saud\u00e1veis entre os diversos agentes da comunidade educativa, baseadas no respeito, na exig\u00eancia e no rigor.<\/p>\n\n\n\n<p><\/p>\n\n\n\n<p><strong><mark style=\"background-color:rgba(0, 0, 0, 0)\" class=\"has-inline-color has-vivid-cyan-blue-color\">GABINETE DE INFORMA\u00c7\u00c3O E APOIO AO ALUNO<\/mark><\/strong><\/p>\n\n\n\n<div class=\"wp-block-cover\" style=\"min-height:567px;aspect-ratio:unset;\"><img decoding=\"async\" class=\"wp-block-cover__image-background wp-image-16244\" alt=\"\" src=\"https:\/\/aesia.pt\/portal\/wp-content\/uploads\/2025\/10\/Horario-GIAA-4.pdf\" data-object-fit=\"cover\"\/><span aria-hidden=\"true\" class=\"wp-block-cover__background has-background-dim\"><\/span><div class=\"wp-block-cover__inner-container is-layout-flow wp-block-cover-is-layout-flow\">\n<figure class=\"wp-block-image size-large\"><a href=\"https:\/\/aesia.pt\/portal\/wp-content\/uploads\/2025\/10\/image.png\"><img loading=\"lazy\" decoding=\"async\" width=\"1024\" height=\"672\" src=\"https:\/\/aesia.pt\/portal\/wp-content\/uploads\/2025\/10\/image-1024x672.png\" alt=\"\" class=\"wp-image-16246\" srcset=\"https:\/\/aesia.pt\/portal\/wp-content\/uploads\/2025\/10\/image-1024x672.png 1024w, https:\/\/aesia.pt\/portal\/wp-content\/uploads\/2025\/10\/image-300x197.png 300w, https:\/\/aesia.pt\/portal\/wp-content\/uploads\/2025\/10\/image-768x504.png 768w, https:\/\/aesia.pt\/portal\/wp-content\/uploads\/2025\/10\/image.png 1202w\" sizes=\"auto, (max-width: 1024px) 100vw, 1024px\" \/><\/a><\/figure>\n\n\n\n<p class=\"has-text-align-center has-large-font-size\"><\/p>\n<\/div><\/div>\n\n\n\n<p>Integrado no Projeto de Educa\u00e7\u00e3o para a Sa\u00fade do Agrupamento, o gabinete de informa\u00e7\u00e3o e apoio ao aluno est\u00e1 em funcionamento no bloco A. Este espa\u00e7o pretende oferecer aos alunos um local confidencial de informa\u00e7\u00e3o, di\u00e1logo e reflex\u00e3o, a que podem espontaneamente aceder. Tem como principais objetivos:<\/p>\n\n\n\n<ul class=\"wp-block-list\">\n<li>Esclarecer algumas d\u00favidas dos jovens na \u00e1rea da sexualidade, consumo de subst\u00e2ncias psicoativas,<br>alimenta\u00e7\u00e3o, higiene e outras situa\u00e7\u00f5es relacionadas com a adolesc\u00eancia;<\/li>\n\n\n\n<li>Facultar orienta\u00e7\u00e3o, promovendo o desenvolvimento harmonioso dos alunos a todos os n\u00edveis, assim como a sua plena integra\u00e7\u00e3o na escola;<\/li>\n\n\n\n<li>Promover iniciativas relacionadas com a promo\u00e7\u00e3o e educa\u00e7\u00e3o para a sa\u00fade. Est\u00e3o dispon\u00edveis tr\u00eas docentes da equipa PES que garantem quatro tempos semanais de atendimento aos alunos. Para al\u00e9m disso, est\u00e1 dispon\u00edvel o email <mark style=\"background-color:rgba(0, 0, 0, 0)\" class=\"has-inline-color has-vivid-cyan-blue-color\">gabinete.saude@aesia.pt<\/mark> como via esclarecedora para toda a comunidade escolar.<\/li>\n<\/ul>\n\n\n\n<p><strong><mark style=\"background-color:rgba(0, 0, 0, 0)\" class=\"has-inline-color has-vivid-cyan-blue-color\">SA\u00daDE ESCOLAR<\/mark><\/strong><\/p>\n\n\n\n<figure class=\"wp-block-image size-large is-resized\"><a href=\"https:\/\/aesia.pt\/portal\/wp-content\/uploads\/2024\/12\/ANEXO-5-Informacao-_Enf.o-SE_page-0001.jpg\"><img loading=\"lazy\" decoding=\"async\" width=\"724\" height=\"1024\" src=\"https:\/\/aesia.pt\/portal\/wp-content\/uploads\/2024\/12\/ANEXO-5-Informacao-_Enf.o-SE_page-0001-724x1024.jpg\" alt=\"\" class=\"wp-image-13803\" style=\"width:533px;height:auto\" srcset=\"https:\/\/aesia.pt\/portal\/wp-content\/uploads\/2024\/12\/ANEXO-5-Informacao-_Enf.o-SE_page-0001-724x1024.jpg 724w, https:\/\/aesia.pt\/portal\/wp-content\/uploads\/2024\/12\/ANEXO-5-Informacao-_Enf.o-SE_page-0001-212x300.jpg 212w, https:\/\/aesia.pt\/portal\/wp-content\/uploads\/2024\/12\/ANEXO-5-Informacao-_Enf.o-SE_page-0001-768x1086.jpg 768w, https:\/\/aesia.pt\/portal\/wp-content\/uploads\/2024\/12\/ANEXO-5-Informacao-_Enf.o-SE_page-0001-1086x1536.jpg 1086w, https:\/\/aesia.pt\/portal\/wp-content\/uploads\/2024\/12\/ANEXO-5-Informacao-_Enf.o-SE_page-0001.jpg 1241w\" sizes=\"auto, (max-width: 724px) 100vw, 724px\" \/><\/a><\/figure>\n\n\n\n<figure class=\"wp-block-image size-large is-resized\"><a href=\"https:\/\/aesia.pt\/portal\/wp-content\/uploads\/2024\/12\/ANEXO-5-Informacao-_Enf.o-SE_page-0002.jpg\"><img loading=\"lazy\" decoding=\"async\" width=\"724\" height=\"1024\" src=\"https:\/\/aesia.pt\/portal\/wp-content\/uploads\/2024\/12\/ANEXO-5-Informacao-_Enf.o-SE_page-0002-724x1024.jpg\" alt=\"\" class=\"wp-image-13804\" style=\"width:544px;height:auto\" srcset=\"https:\/\/aesia.pt\/portal\/wp-content\/uploads\/2024\/12\/ANEXO-5-Informacao-_Enf.o-SE_page-0002-724x1024.jpg 724w, https:\/\/aesia.pt\/portal\/wp-content\/uploads\/2024\/12\/ANEXO-5-Informacao-_Enf.o-SE_page-0002-212x300.jpg 212w, https:\/\/aesia.pt\/portal\/wp-content\/uploads\/2024\/12\/ANEXO-5-Informacao-_Enf.o-SE_page-0002-768x1086.jpg 768w, https:\/\/aesia.pt\/portal\/wp-content\/uploads\/2024\/12\/ANEXO-5-Informacao-_Enf.o-SE_page-0002-1086x1536.jpg 1086w, https:\/\/aesia.pt\/portal\/wp-content\/uploads\/2024\/12\/ANEXO-5-Informacao-_Enf.o-SE_page-0002.jpg 1241w\" sizes=\"auto, (max-width: 724px) 100vw, 724px\" \/><\/a><\/figure>\n\n\n\n<p><strong>INFORMA\u00c7\u00d5ES<\/strong><\/p>\n\n\n\n<p><a href=\"https:\/\/drive.google.com\/file\/d\/1vhmQ68sfu49VZfMEm2m9JiRGzFFVVnkr\/view\"><strong>PIOLHOS<\/strong><\/a><\/p>\n\n\n\n<figure class=\"wp-block-image is-resized\"><img decoding=\"async\" src=\"https:\/\/lh7-rt.googleusercontent.com\/docsz\/AD_4nXfc-c_5RZpsKW7Cj4YVLO9zg3hGlnuiPSvrBDn_3S_xMEJ3YFlx3NjsXYETAczmwZ2fnUvXrZcv3hR0KWVmeyP-yqfCqvgc9MGhC6rVxxhfOj6oHXDB4bigqua3EVKhvjfXkWNV?key=KpGOlXIyYOzrdKhtUUmERlmC\" alt=\"\" style=\"width:144px;height:auto\"\/><\/figure>\n\n\n\n<p><\/p>\n\n\n\n<p><\/p>\n\n\n\n<p><a href=\"https:\/\/drive.google.com\/file\/d\/10NB6i6fFUnbBU9WDBm60990DJoBfqxg8\/view?usp=sharing\"><strong>EPILEPSIA<\/strong><\/a><\/p>\n\n\n\n<figure class=\"wp-block-image size-large is-resized\"><a href=\"https:\/\/aesia.pt\/portal\/wp-content\/uploads\/2024\/12\/Epilepsia-02.jpg\"><img loading=\"lazy\" decoding=\"async\" width=\"1024\" height=\"768\" src=\"https:\/\/aesia.pt\/portal\/wp-content\/uploads\/2024\/12\/Epilepsia-02-1024x768.jpg\" alt=\"\" class=\"wp-image-13963\" style=\"width:208px;height:auto\" srcset=\"https:\/\/aesia.pt\/portal\/wp-content\/uploads\/2024\/12\/Epilepsia-02-1024x768.jpg 1024w, https:\/\/aesia.pt\/portal\/wp-content\/uploads\/2024\/12\/Epilepsia-02-300x225.jpg 300w, https:\/\/aesia.pt\/portal\/wp-content\/uploads\/2024\/12\/Epilepsia-02-768x576.jpg 768w, https:\/\/aesia.pt\/portal\/wp-content\/uploads\/2024\/12\/Epilepsia-02.jpg 1146w\" sizes=\"auto, (max-width: 1024px) 100vw, 1024px\" \/><\/a><\/figure>\n\n\n\n<div data-wp-interactive=\"core\/file\" class=\"wp-block-file\"><object data-wp-bind--hidden=\"!state.hasPdfPreview\" hidden class=\"wp-block-file__embed\" data=\"https:\/\/aesia.pt\/portal\/wp-content\/uploads\/2025\/01\/Panfleto-Epilepsia-.pdf\" type=\"application\/pdf\" style=\"width:100%;height:600px\" aria-label=\"Incorpora\u00e7\u00e3o de Panfleto Epilepsia.\"><\/object><a id=\"wp-block-file--media-d29292c6-1349-406a-ac16-e581083d3e2e\" href=\"https:\/\/aesia.pt\/portal\/wp-content\/uploads\/2025\/01\/Panfleto-Epilepsia-.pdf\">Panfleto Epilepsia<\/a><a href=\"https:\/\/aesia.pt\/portal\/wp-content\/uploads\/2025\/01\/Panfleto-Epilepsia-.pdf\" class=\"wp-block-file__button wp-element-button\" download aria-describedby=\"wp-block-file--media-d29292c6-1349-406a-ac16-e581083d3e2e\">Descarregar<\/a><\/div>\n\n\n\n<p><\/p>\n\n\n\n<p><strong><mark style=\"background-color:rgba(0, 0, 0, 0)\" class=\"has-inline-color has-vivid-cyan-blue-color\">ESCABIOSE<\/mark><\/strong> <\/p>\n\n\n\n<figure class=\"wp-block-image size-full is-resized\"><a href=\"https:\/\/aesia.pt\/portal\/wp-content\/uploads\/2025\/01\/escabiose.jpg\"><img loading=\"lazy\" decoding=\"async\" width=\"475\" height=\"543\" src=\"https:\/\/aesia.pt\/portal\/wp-content\/uploads\/2025\/01\/escabiose.jpg\" alt=\"\" class=\"wp-image-14407\" style=\"width:122px;height:auto\" srcset=\"https:\/\/aesia.pt\/portal\/wp-content\/uploads\/2025\/01\/escabiose.jpg 475w, https:\/\/aesia.pt\/portal\/wp-content\/uploads\/2025\/01\/escabiose-262x300.jpg 262w\" sizes=\"auto, (max-width: 475px) 100vw, 475px\" \/><\/a><\/figure>\n\n\n\n<div data-wp-interactive=\"core\/file\" class=\"wp-block-file\"><object data-wp-bind--hidden=\"!state.hasPdfPreview\" hidden class=\"wp-block-file__embed\" data=\"https:\/\/aesia.pt\/portal\/wp-content\/uploads\/2025\/01\/Escabiose-folheto.pdf\" type=\"application\/pdf\" style=\"width:100%;height:600px\" aria-label=\"Incorpora\u00e7\u00e3o de Escabiose folheto.\"><\/object><a id=\"wp-block-file--media-2bf91f83-2a3c-4130-96a5-03e2a69372a5\" href=\"https:\/\/aesia.pt\/portal\/wp-content\/uploads\/2025\/01\/Escabiose-folheto.pdf\">Escabiose folheto<\/a><a href=\"https:\/\/aesia.pt\/portal\/wp-content\/uploads\/2025\/01\/Escabiose-folheto.pdf\" class=\"wp-block-file__button wp-element-button\" download aria-describedby=\"wp-block-file--media-2bf91f83-2a3c-4130-96a5-03e2a69372a5\">Descarregar<\/a><\/div>\n","protected":false},"excerpt":{"rendered":"<p>\u00abA educa\u00e7\u00e3o para a sa\u00fade tem como objetivos centrais a informa\u00e7\u00e3o e a consciencializa\u00e7\u00e3o de cada pessoa acerca da sua&hellip; <a class=\"continue\" href=\"https:\/\/aesia.pt\/portal\/educacao-para-saude\/\">Ler mais<span> Educa\u00e7\u00e3o para a Sa\u00fade<\/span><\/a><\/p>\n","protected":false},"author":8,"featured_media":3071,"parent":0,"menu_order":0,"comment_status":"open","ping_status":"open","template":"p_base.php","meta":{"_acf_changed":false,"footnotes":""},"class_list":["post-1219","page","type-page","status-publish","has-post-thumbnail","hentry"],"acf":[],"yoast_head":"<!-- This site is optimized with the Yoast SEO plugin v27.3 - https:\/\/yoast.com\/product\/yoast-seo-wordpress\/ -->\n<title>Educa\u00e7\u00e3o para a Sa\u00fade &#8211; AESIA<\/title>\n<meta name=\"robots\" content=\"index, follow, max-snippet:-1, max-image-preview:large, max-video-preview:-1\" \/>\n<link rel=\"canonical\" href=\"https:\/\/aesia.pt\/portal\/educacao-para-saude\/\" \/>\n<meta property=\"og:locale\" content=\"pt_PT\" \/>\n<meta property=\"og:type\" content=\"article\" \/>\n<meta property=\"og:title\" content=\"Educa\u00e7\u00e3o para a Sa\u00fade &#8211; AESIA\" \/>\n<meta property=\"og:description\" content=\"\u00abA educa\u00e7\u00e3o para a sa\u00fade tem como objetivos centrais a informa\u00e7\u00e3o e a consciencializa\u00e7\u00e3o de cada pessoa acerca da sua&hellip; Ler mais Educa\u00e7\u00e3o para a Sa\u00fade\" \/>\n<meta property=\"og:url\" content=\"https:\/\/aesia.pt\/portal\/educacao-para-saude\/\" \/>\n<meta property=\"og:site_name\" content=\"AESIA\" \/>\n<meta property=\"article:publisher\" content=\"https:\/\/www.facebook.com\/aesia.pt\/\" \/>\n<meta property=\"article:modified_time\" content=\"2025-10-27T14:51:56+00:00\" \/>\n<meta property=\"og:image\" content=\"https:\/\/aesia.pt\/portal\/wp-content\/uploads\/2014\/11\/imagem-giaa.jpg\" \/>\n\t<meta property=\"og:image:width\" content=\"776\" \/>\n\t<meta property=\"og:image:height\" content=\"536\" \/>\n\t<meta property=\"og:image:type\" content=\"image\/jpeg\" \/>\n<meta name=\"twitter:card\" content=\"summary_large_image\" \/>\n<meta name=\"twitter:label1\" content=\"Tempo estimado de leitura\" \/>\n\t<meta name=\"twitter:data1\" content=\"2 minutos\" \/>\n<script type=\"application\/ld+json\" class=\"yoast-schema-graph\">{\"@context\":\"https:\\\/\\\/schema.org\",\"@graph\":[{\"@type\":\"WebPage\",\"@id\":\"https:\\\/\\\/aesia.pt\\\/portal\\\/educacao-para-saude\\\/\",\"url\":\"https:\\\/\\\/aesia.pt\\\/portal\\\/educacao-para-saude\\\/\",\"name\":\"Educa\u00e7\u00e3o para a Sa\u00fade &#8211; AESIA\",\"isPartOf\":{\"@id\":\"https:\\\/\\\/aesia.pt\\\/portal\\\/#website\"},\"primaryImageOfPage\":{\"@id\":\"https:\\\/\\\/aesia.pt\\\/portal\\\/educacao-para-saude\\\/#primaryimage\"},\"image\":{\"@id\":\"https:\\\/\\\/aesia.pt\\\/portal\\\/educacao-para-saude\\\/#primaryimage\"},\"thumbnailUrl\":\"https:\\\/\\\/aesia.pt\\\/portal\\\/wp-content\\\/uploads\\\/2014\\\/11\\\/imagem-giaa.jpg\",\"datePublished\":\"2014-11-18T14:19:41+00:00\",\"dateModified\":\"2025-10-27T14:51:56+00:00\",\"breadcrumb\":{\"@id\":\"https:\\\/\\\/aesia.pt\\\/portal\\\/educacao-para-saude\\\/#breadcrumb\"},\"inLanguage\":\"pt-PT\",\"potentialAction\":[{\"@type\":\"ReadAction\",\"target\":[\"https:\\\/\\\/aesia.pt\\\/portal\\\/educacao-para-saude\\\/\"]}]},{\"@type\":\"ImageObject\",\"inLanguage\":\"pt-PT\",\"@id\":\"https:\\\/\\\/aesia.pt\\\/portal\\\/educacao-para-saude\\\/#primaryimage\",\"url\":\"https:\\\/\\\/aesia.pt\\\/portal\\\/wp-content\\\/uploads\\\/2014\\\/11\\\/imagem-giaa.jpg\",\"contentUrl\":\"https:\\\/\\\/aesia.pt\\\/portal\\\/wp-content\\\/uploads\\\/2014\\\/11\\\/imagem-giaa.jpg\",\"width\":776,\"height\":536},{\"@type\":\"BreadcrumbList\",\"@id\":\"https:\\\/\\\/aesia.pt\\\/portal\\\/educacao-para-saude\\\/#breadcrumb\",\"itemListElement\":[{\"@type\":\"ListItem\",\"position\":1,\"name\":\"Home\",\"item\":\"https:\\\/\\\/aesia.pt\\\/portal\\\/\"},{\"@type\":\"ListItem\",\"position\":2,\"name\":\"Educa\u00e7\u00e3o para a Sa\u00fade\"}]},{\"@type\":\"WebSite\",\"@id\":\"https:\\\/\\\/aesia.pt\\\/portal\\\/#website\",\"url\":\"https:\\\/\\\/aesia.pt\\\/portal\\\/\",\"name\":\"AESIA\",\"description\":\"Agrupamento de Escolas de Santa Iria de Az\u00f3ia\",\"publisher\":{\"@id\":\"https:\\\/\\\/aesia.pt\\\/portal\\\/#organization\"},\"alternateName\":\"Agrupamento de Escolas de Santa Iria de Az\u00f3ia\",\"potentialAction\":[{\"@type\":\"SearchAction\",\"target\":{\"@type\":\"EntryPoint\",\"urlTemplate\":\"https:\\\/\\\/aesia.pt\\\/portal\\\/?s={search_term_string}\"},\"query-input\":{\"@type\":\"PropertyValueSpecification\",\"valueRequired\":true,\"valueName\":\"search_term_string\"}}],\"inLanguage\":\"pt-PT\"},{\"@type\":\"Organization\",\"@id\":\"https:\\\/\\\/aesia.pt\\\/portal\\\/#organization\",\"name\":\"Agrupamento de Escolas de Santa Iria de Az\u00f3ia\",\"alternateName\":\"AESIA\",\"url\":\"https:\\\/\\\/aesia.pt\\\/portal\\\/\",\"logo\":{\"@type\":\"ImageObject\",\"inLanguage\":\"pt-PT\",\"@id\":\"https:\\\/\\\/aesia.pt\\\/portal\\\/#\\\/schema\\\/logo\\\/image\\\/\",\"url\":\"https:\\\/\\\/aesia.pt\\\/portal\\\/wp-content\\\/uploads\\\/2023\\\/04\\\/logo4.png\",\"contentUrl\":\"https:\\\/\\\/aesia.pt\\\/portal\\\/wp-content\\\/uploads\\\/2023\\\/04\\\/logo4.png\",\"width\":162,\"height\":162,\"caption\":\"Agrupamento de Escolas de Santa Iria de Az\u00f3ia\"},\"image\":{\"@id\":\"https:\\\/\\\/aesia.pt\\\/portal\\\/#\\\/schema\\\/logo\\\/image\\\/\"},\"sameAs\":[\"https:\\\/\\\/www.facebook.com\\\/aesia.pt\\\/\"]}]}<\/script>\n<!-- \/ Yoast SEO plugin. -->","yoast_head_json":{"title":"Educa\u00e7\u00e3o para a Sa\u00fade &#8211; AESIA","robots":{"index":"index","follow":"follow","max-snippet":"max-snippet:-1","max-image-preview":"max-image-preview:large","max-video-preview":"max-video-preview:-1"},"canonical":"https:\/\/aesia.pt\/portal\/educacao-para-saude\/","og_locale":"pt_PT","og_type":"article","og_title":"Educa\u00e7\u00e3o para a Sa\u00fade &#8211; AESIA","og_description":"\u00abA educa\u00e7\u00e3o para a sa\u00fade tem como objetivos centrais a informa\u00e7\u00e3o e a consciencializa\u00e7\u00e3o de cada pessoa acerca da sua&hellip; Ler mais Educa\u00e7\u00e3o para a Sa\u00fade","og_url":"https:\/\/aesia.pt\/portal\/educacao-para-saude\/","og_site_name":"AESIA","article_publisher":"https:\/\/www.facebook.com\/aesia.pt\/","article_modified_time":"2025-10-27T14:51:56+00:00","og_image":[{"width":776,"height":536,"url":"https:\/\/aesia.pt\/portal\/wp-content\/uploads\/2014\/11\/imagem-giaa.jpg","type":"image\/jpeg"}],"twitter_card":"summary_large_image","twitter_misc":{"Tempo estimado de leitura":"2 minutos"},"schema":{"@context":"https:\/\/schema.org","@graph":[{"@type":"WebPage","@id":"https:\/\/aesia.pt\/portal\/educacao-para-saude\/","url":"https:\/\/aesia.pt\/portal\/educacao-para-saude\/","name":"Educa\u00e7\u00e3o para a Sa\u00fade &#8211; AESIA","isPartOf":{"@id":"https:\/\/aesia.pt\/portal\/#website"},"primaryImageOfPage":{"@id":"https:\/\/aesia.pt\/portal\/educacao-para-saude\/#primaryimage"},"image":{"@id":"https:\/\/aesia.pt\/portal\/educacao-para-saude\/#primaryimage"},"thumbnailUrl":"https:\/\/aesia.pt\/portal\/wp-content\/uploads\/2014\/11\/imagem-giaa.jpg","datePublished":"2014-11-18T14:19:41+00:00","dateModified":"2025-10-27T14:51:56+00:00","breadcrumb":{"@id":"https:\/\/aesia.pt\/portal\/educacao-para-saude\/#breadcrumb"},"inLanguage":"pt-PT","potentialAction":[{"@type":"ReadAction","target":["https:\/\/aesia.pt\/portal\/educacao-para-saude\/"]}]},{"@type":"ImageObject","inLanguage":"pt-PT","@id":"https:\/\/aesia.pt\/portal\/educacao-para-saude\/#primaryimage","url":"https:\/\/aesia.pt\/portal\/wp-content\/uploads\/2014\/11\/imagem-giaa.jpg","contentUrl":"https:\/\/aesia.pt\/portal\/wp-content\/uploads\/2014\/11\/imagem-giaa.jpg","width":776,"height":536},{"@type":"BreadcrumbList","@id":"https:\/\/aesia.pt\/portal\/educacao-para-saude\/#breadcrumb","itemListElement":[{"@type":"ListItem","position":1,"name":"Home","item":"https:\/\/aesia.pt\/portal\/"},{"@type":"ListItem","position":2,"name":"Educa\u00e7\u00e3o para a Sa\u00fade"}]},{"@type":"WebSite","@id":"https:\/\/aesia.pt\/portal\/#website","url":"https:\/\/aesia.pt\/portal\/","name":"AESIA","description":"Agrupamento de Escolas de Santa Iria de Az\u00f3ia","publisher":{"@id":"https:\/\/aesia.pt\/portal\/#organization"},"alternateName":"Agrupamento de Escolas de Santa Iria de Az\u00f3ia","potentialAction":[{"@type":"SearchAction","target":{"@type":"EntryPoint","urlTemplate":"https:\/\/aesia.pt\/portal\/?s={search_term_string}"},"query-input":{"@type":"PropertyValueSpecification","valueRequired":true,"valueName":"search_term_string"}}],"inLanguage":"pt-PT"},{"@type":"Organization","@id":"https:\/\/aesia.pt\/portal\/#organization","name":"Agrupamento de Escolas de Santa Iria de Az\u00f3ia","alternateName":"AESIA","url":"https:\/\/aesia.pt\/portal\/","logo":{"@type":"ImageObject","inLanguage":"pt-PT","@id":"https:\/\/aesia.pt\/portal\/#\/schema\/logo\/image\/","url":"https:\/\/aesia.pt\/portal\/wp-content\/uploads\/2023\/04\/logo4.png","contentUrl":"https:\/\/aesia.pt\/portal\/wp-content\/uploads\/2023\/04\/logo4.png","width":162,"height":162,"caption":"Agrupamento de Escolas de Santa Iria de Az\u00f3ia"},"image":{"@id":"https:\/\/aesia.pt\/portal\/#\/schema\/logo\/image\/"},"sameAs":["https:\/\/www.facebook.com\/aesia.pt\/"]}]}},"_links":{"self":[{"href":"https:\/\/aesia.pt\/portal\/wp-json\/wp\/v2\/pages\/1219","targetHints":{"allow":["GET"]}}],"collection":[{"href":"https:\/\/aesia.pt\/portal\/wp-json\/wp\/v2\/pages"}],"about":[{"href":"https:\/\/aesia.pt\/portal\/wp-json\/wp\/v2\/types\/page"}],"author":[{"embeddable":true,"href":"https:\/\/aesia.pt\/portal\/wp-json\/wp\/v2\/users\/8"}],"replies":[{"embeddable":true,"href":"https:\/\/aesia.pt\/portal\/wp-json\/wp\/v2\/comments?post=1219"}],"version-history":[{"count":32,"href":"https:\/\/aesia.pt\/portal\/wp-json\/wp\/v2\/pages\/1219\/revisions"}],"predecessor-version":[{"id":16253,"href":"https:\/\/aesia.pt\/portal\/wp-json\/wp\/v2\/pages\/1219\/revisions\/16253"}],"wp:featuredmedia":[{"embeddable":true,"href":"https:\/\/aesia.pt\/portal\/wp-json\/wp\/v2\/media\/3071"}],"wp:attachment":[{"href":"https:\/\/aesia.pt\/portal\/wp-json\/wp\/v2\/media?parent=1219"}],"curies":[{"name":"wp","href":"https:\/\/api.w.org\/{rel}","templated":true}]}}