{"id":1217,"date":"2014-11-18T14:19:18","date_gmt":"2014-11-18T14:19:18","guid":{"rendered":"http:\/\/aesia.pt\/portal\/?page_id=1217"},"modified":"2020-10-08T22:07:56","modified_gmt":"2020-10-08T22:07:56","slug":"gaps-gabinete-de-apoio-psico-pedagogico-e-social","status":"publish","type":"page","link":"https:\/\/aesia.pt\/portal\/gaps-gabinete-de-apoio-psico-pedagogico-e-social\/","title":{"rendered":"Apoio Psico-Pedag\u00f3gico e Social"},"content":{"rendered":"<p>&nbsp;<\/p>\n<table border=\"0\" width=\"100%\" cellpadding=\"0\">\n<tbody>\n<tr>\n<td class=\"txt_base_b_l\">\u00a0LBSE &#8211; Artigo 29.\u00ba<br \/>\nApoio psicol\u00f3gico e orienta\u00e7\u00e3o escolar e profissional<\/td>\n<\/tr>\n<\/tbody>\n<\/table>\n<table border=\"0\" width=\"100%\" bgcolor=\"#FFFFFF\">\n<tbody>\n<tr>\n<td class=\"txt_base_n_l\" colspan=\"4\" valign=\"top\">O apoio no desenvolvimento psicol\u00f3gico dos alunos e \u00e0 sua orienta\u00e7\u00e3o escolar e profissional, bem como o apoio psicopedag\u00f3gico \u00e0s actividades educativas e ao sistema de rela\u00e7\u00f5es da comunidade escolar, s\u00e3o realizados por servi\u00e7os de psicologia e orienta\u00e7\u00e3o escolar profissional inseridos em estruturas regionais escolares.<\/td>\n<\/tr>\n<\/tbody>\n<\/table>\n<p style=\"text-align: center;\"><strong>Servi\u00e7o de Psicologia e Orienta\u00e7\u00e3o Escolar\u00a0<\/strong><\/p>\n<p>O Servi\u00e7o de Psicologia \u00e9 uma unidade especializada dirigida a toda a comunidade educativa:<br \/>\ndiscente, docente, n\u00e3o docente, pais e encarregados de educa\u00e7\u00e3o. Disp\u00f5e de uma psic\u00f3loga da<br \/>\neduca\u00e7\u00e3o que atua nos v\u00e1rios n\u00edveis de educa\u00e7\u00e3o, desde o pr\u00e9-escolar ao 3.\u00ba ciclo do ensino<br \/>\nb\u00e1sico, com atribui\u00e7\u00f5es funcionais nos dom\u00ednios da orienta\u00e7\u00e3o escolar e vocacional, do apoio<br \/>\nao desenvolvimento do sistema de rela\u00e7\u00f5es da comunidade escolar, e do apoio\/<br \/>\naconselhamento psicopedag\u00f3gico a alunos e professores. A t\u00e9cnica que integra este servi\u00e7o<br \/>\ndefine a sua din\u00e2mica de acordo com um plano de a\u00e7\u00e3o t\u00e9cnica enquadrada nos referenciais<br \/>\nlegais e t\u00e9cnico-cient\u00edficos dos psic\u00f3logos escolares, e que se traduz num plano anual pr\u00f3prio<br \/>\nque, para todos os efeitos, se integra no plano anual de atividades do agrupamento.<\/p>\n<p style=\"text-align: center;\"><strong>Programa de Orienta\u00e7\u00e3o Vocacional<\/strong><\/p>\n<p>9\u00ba ano\u2026 E agora? O que fazer a seguir? Ensino regular ou ensino profissional? Quais as op\u00e7\u00f5es<br \/>\nde escolha? E a escola, para qual ir?<br \/>\nEstas e muitas outras d\u00favidas s\u00e3o comuns a muitos alunos que se confrontam com a mudan\u00e7a<br \/>\ndo ensino b\u00e1sico para o ensino secund\u00e1rio. S\u00e3o diversas as quest\u00f5es, curiosidades, receios e<br \/>\nang\u00fastias dos alunos do 9\u00ba ano de escolaridade. Existem v\u00e1rias alternativas e, como tal,<br \/>\ntamb\u00e9m por vezes surgem muitas d\u00favidas.<br \/>\nNeste sentido, o Servi\u00e7o de Psicologia do AESIA promove todos os anos letivos o Programa de<br \/>\nOrienta\u00e7\u00e3o Vocacional (POV) destinado aos alunos do 9\u00ba ano de escolaridade. Este programa<br \/>\nconsiste em sess\u00f5es estruturadas frequentadas em turma, onde se abordam temas como:<br \/>\ninteresses, aptid\u00f5es, sistema educativo portugu\u00eas, \u00e1reas profissionais. Onde se efetua o<br \/>\ndiagn\u00f3stico vocacional, ou como \u00e9 mais vulgarmente designado, os testes psicot\u00e9cnicos.<br \/>\nO papel do Psic\u00f3logo na orienta\u00e7\u00e3o vocacional dos jovens \u00e9 crucial, pois \u00e9 o t\u00e9cnico que<br \/>\ncompreende as determinantes pessoais que influenciam as decis\u00f5es dos alunos e a<br \/>\ninterfer\u00eancia que certos fatores do meio exercem nesse mesmo processo de tomada de<br \/>\ndecis\u00e3o.<\/p>\n<p>&nbsp;<\/p>\n<p>&nbsp;<\/p>\n<p>&nbsp;<\/p>\n<p><strong>Programa de Apoio Psicossocial &#8211; AESIA (Estilos de Aprendizagem e Motiva\u00e7\u00e3o Educacional)\u00a0<\/strong><\/p>\n<p><a href=\"https:\/\/drive.google.com\/file\/d\/0B1e1wat7N0HIbW1idmdLdjNQT28\/view?usp=sharing\" target=\"_blank\" rel=\"noopener noreferrer\">Projeto de Desenvolvimento Vocacional<\/a><\/p>\n<p>&nbsp;<\/p>\n","protected":false},"excerpt":{"rendered":"<p>&nbsp; \u00a0LBSE &#8211; Artigo 29.\u00ba Apoio psicol\u00f3gico e orienta\u00e7\u00e3o escolar e profissional O apoio no desenvolvimento psicol\u00f3gico dos alunos e&hellip; <a class=\"continue\" href=\"https:\/\/aesia.pt\/portal\/gaps-gabinete-de-apoio-psico-pedagogico-e-social\/\">Ler mais<span> Apoio Psico-Pedag\u00f3gico e Social<\/span><\/a><\/p>\n","protected":false},"author":8,"featured_media":0,"parent":0,"menu_order":0,"comment_status":"open","ping_status":"open","template":"p_base.php","meta":{"_acf_changed":false,"footnotes":""},"class_list":["post-1217","page","type-page","status-publish","hentry"],"acf":[],"yoast_head":"<!-- This site is optimized with the Yoast SEO plugin v27.3 - https:\/\/yoast.com\/product\/yoast-seo-wordpress\/ -->\n<title>Apoio Psico-Pedag\u00f3gico e Social &#8211; AESIA<\/title>\n<meta name=\"robots\" content=\"index, follow, max-snippet:-1, max-image-preview:large, max-video-preview:-1\" \/>\n<link rel=\"canonical\" href=\"https:\/\/aesia.pt\/portal\/gaps-gabinete-de-apoio-psico-pedagogico-e-social\/\" \/>\n<meta property=\"og:locale\" content=\"pt_PT\" \/>\n<meta property=\"og:type\" content=\"article\" \/>\n<meta property=\"og:title\" content=\"Apoio Psico-Pedag\u00f3gico e Social &#8211; AESIA\" \/>\n<meta property=\"og:description\" content=\"&nbsp; \u00a0LBSE &#8211; Artigo 29.\u00ba Apoio psicol\u00f3gico e orienta\u00e7\u00e3o escolar e profissional O apoio no desenvolvimento psicol\u00f3gico dos alunos e&hellip; Ler mais Apoio Psico-Pedag\u00f3gico e Social\" \/>\n<meta property=\"og:url\" content=\"https:\/\/aesia.pt\/portal\/gaps-gabinete-de-apoio-psico-pedagogico-e-social\/\" \/>\n<meta property=\"og:site_name\" content=\"AESIA\" \/>\n<meta property=\"article:publisher\" content=\"https:\/\/www.facebook.com\/aesia.pt\/\" \/>\n<meta property=\"article:modified_time\" content=\"2020-10-08T22:07:56+00:00\" \/>\n<meta name=\"twitter:card\" content=\"summary_large_image\" \/>\n<meta name=\"twitter:label1\" content=\"Tempo estimado de leitura\" \/>\n\t<meta name=\"twitter:data1\" content=\"2 minutos\" \/>\n<script type=\"application\/ld+json\" class=\"yoast-schema-graph\">{\"@context\":\"https:\\\/\\\/schema.org\",\"@graph\":[{\"@type\":\"WebPage\",\"@id\":\"https:\\\/\\\/aesia.pt\\\/portal\\\/gaps-gabinete-de-apoio-psico-pedagogico-e-social\\\/\",\"url\":\"https:\\\/\\\/aesia.pt\\\/portal\\\/gaps-gabinete-de-apoio-psico-pedagogico-e-social\\\/\",\"name\":\"Apoio Psico-Pedag\u00f3gico e Social &#8211; AESIA\",\"isPartOf\":{\"@id\":\"https:\\\/\\\/aesia.pt\\\/portal\\\/#website\"},\"datePublished\":\"2014-11-18T14:19:18+00:00\",\"dateModified\":\"2020-10-08T22:07:56+00:00\",\"breadcrumb\":{\"@id\":\"https:\\\/\\\/aesia.pt\\\/portal\\\/gaps-gabinete-de-apoio-psico-pedagogico-e-social\\\/#breadcrumb\"},\"inLanguage\":\"pt-PT\",\"potentialAction\":[{\"@type\":\"ReadAction\",\"target\":[\"https:\\\/\\\/aesia.pt\\\/portal\\\/gaps-gabinete-de-apoio-psico-pedagogico-e-social\\\/\"]}]},{\"@type\":\"BreadcrumbList\",\"@id\":\"https:\\\/\\\/aesia.pt\\\/portal\\\/gaps-gabinete-de-apoio-psico-pedagogico-e-social\\\/#breadcrumb\",\"itemListElement\":[{\"@type\":\"ListItem\",\"position\":1,\"name\":\"Home\",\"item\":\"https:\\\/\\\/aesia.pt\\\/portal\\\/\"},{\"@type\":\"ListItem\",\"position\":2,\"name\":\"Apoio Psico-Pedag\u00f3gico e Social\"}]},{\"@type\":\"WebSite\",\"@id\":\"https:\\\/\\\/aesia.pt\\\/portal\\\/#website\",\"url\":\"https:\\\/\\\/aesia.pt\\\/portal\\\/\",\"name\":\"AESIA\",\"description\":\"Agrupamento de Escolas de Santa Iria de Az\u00f3ia\",\"publisher\":{\"@id\":\"https:\\\/\\\/aesia.pt\\\/portal\\\/#organization\"},\"alternateName\":\"Agrupamento de Escolas de Santa Iria de Az\u00f3ia\",\"potentialAction\":[{\"@type\":\"SearchAction\",\"target\":{\"@type\":\"EntryPoint\",\"urlTemplate\":\"https:\\\/\\\/aesia.pt\\\/portal\\\/?s={search_term_string}\"},\"query-input\":{\"@type\":\"PropertyValueSpecification\",\"valueRequired\":true,\"valueName\":\"search_term_string\"}}],\"inLanguage\":\"pt-PT\"},{\"@type\":\"Organization\",\"@id\":\"https:\\\/\\\/aesia.pt\\\/portal\\\/#organization\",\"name\":\"Agrupamento de Escolas de Santa Iria de Az\u00f3ia\",\"alternateName\":\"AESIA\",\"url\":\"https:\\\/\\\/aesia.pt\\\/portal\\\/\",\"logo\":{\"@type\":\"ImageObject\",\"inLanguage\":\"pt-PT\",\"@id\":\"https:\\\/\\\/aesia.pt\\\/portal\\\/#\\\/schema\\\/logo\\\/image\\\/\",\"url\":\"https:\\\/\\\/aesia.pt\\\/portal\\\/wp-content\\\/uploads\\\/2023\\\/04\\\/logo4.png\",\"contentUrl\":\"https:\\\/\\\/aesia.pt\\\/portal\\\/wp-content\\\/uploads\\\/2023\\\/04\\\/logo4.png\",\"width\":162,\"height\":162,\"caption\":\"Agrupamento de Escolas de Santa Iria de Az\u00f3ia\"},\"image\":{\"@id\":\"https:\\\/\\\/aesia.pt\\\/portal\\\/#\\\/schema\\\/logo\\\/image\\\/\"},\"sameAs\":[\"https:\\\/\\\/www.facebook.com\\\/aesia.pt\\\/\"]}]}<\/script>\n<!-- \/ Yoast SEO plugin. -->","yoast_head_json":{"title":"Apoio Psico-Pedag\u00f3gico e Social &#8211; AESIA","robots":{"index":"index","follow":"follow","max-snippet":"max-snippet:-1","max-image-preview":"max-image-preview:large","max-video-preview":"max-video-preview:-1"},"canonical":"https:\/\/aesia.pt\/portal\/gaps-gabinete-de-apoio-psico-pedagogico-e-social\/","og_locale":"pt_PT","og_type":"article","og_title":"Apoio Psico-Pedag\u00f3gico e Social &#8211; AESIA","og_description":"&nbsp; \u00a0LBSE &#8211; Artigo 29.\u00ba Apoio psicol\u00f3gico e orienta\u00e7\u00e3o escolar e profissional O apoio no desenvolvimento psicol\u00f3gico dos alunos e&hellip; Ler mais Apoio Psico-Pedag\u00f3gico e Social","og_url":"https:\/\/aesia.pt\/portal\/gaps-gabinete-de-apoio-psico-pedagogico-e-social\/","og_site_name":"AESIA","article_publisher":"https:\/\/www.facebook.com\/aesia.pt\/","article_modified_time":"2020-10-08T22:07:56+00:00","twitter_card":"summary_large_image","twitter_misc":{"Tempo estimado de leitura":"2 minutos"},"schema":{"@context":"https:\/\/schema.org","@graph":[{"@type":"WebPage","@id":"https:\/\/aesia.pt\/portal\/gaps-gabinete-de-apoio-psico-pedagogico-e-social\/","url":"https:\/\/aesia.pt\/portal\/gaps-gabinete-de-apoio-psico-pedagogico-e-social\/","name":"Apoio Psico-Pedag\u00f3gico e Social &#8211; AESIA","isPartOf":{"@id":"https:\/\/aesia.pt\/portal\/#website"},"datePublished":"2014-11-18T14:19:18+00:00","dateModified":"2020-10-08T22:07:56+00:00","breadcrumb":{"@id":"https:\/\/aesia.pt\/portal\/gaps-gabinete-de-apoio-psico-pedagogico-e-social\/#breadcrumb"},"inLanguage":"pt-PT","potentialAction":[{"@type":"ReadAction","target":["https:\/\/aesia.pt\/portal\/gaps-gabinete-de-apoio-psico-pedagogico-e-social\/"]}]},{"@type":"BreadcrumbList","@id":"https:\/\/aesia.pt\/portal\/gaps-gabinete-de-apoio-psico-pedagogico-e-social\/#breadcrumb","itemListElement":[{"@type":"ListItem","position":1,"name":"Home","item":"https:\/\/aesia.pt\/portal\/"},{"@type":"ListItem","position":2,"name":"Apoio Psico-Pedag\u00f3gico e Social"}]},{"@type":"WebSite","@id":"https:\/\/aesia.pt\/portal\/#website","url":"https:\/\/aesia.pt\/portal\/","name":"AESIA","description":"Agrupamento de Escolas de Santa Iria de Az\u00f3ia","publisher":{"@id":"https:\/\/aesia.pt\/portal\/#organization"},"alternateName":"Agrupamento de Escolas de Santa Iria de Az\u00f3ia","potentialAction":[{"@type":"SearchAction","target":{"@type":"EntryPoint","urlTemplate":"https:\/\/aesia.pt\/portal\/?s={search_term_string}"},"query-input":{"@type":"PropertyValueSpecification","valueRequired":true,"valueName":"search_term_string"}}],"inLanguage":"pt-PT"},{"@type":"Organization","@id":"https:\/\/aesia.pt\/portal\/#organization","name":"Agrupamento de Escolas de Santa Iria de Az\u00f3ia","alternateName":"AESIA","url":"https:\/\/aesia.pt\/portal\/","logo":{"@type":"ImageObject","inLanguage":"pt-PT","@id":"https:\/\/aesia.pt\/portal\/#\/schema\/logo\/image\/","url":"https:\/\/aesia.pt\/portal\/wp-content\/uploads\/2023\/04\/logo4.png","contentUrl":"https:\/\/aesia.pt\/portal\/wp-content\/uploads\/2023\/04\/logo4.png","width":162,"height":162,"caption":"Agrupamento de Escolas de Santa Iria de Az\u00f3ia"},"image":{"@id":"https:\/\/aesia.pt\/portal\/#\/schema\/logo\/image\/"},"sameAs":["https:\/\/www.facebook.com\/aesia.pt\/"]}]}},"_links":{"self":[{"href":"https:\/\/aesia.pt\/portal\/wp-json\/wp\/v2\/pages\/1217","targetHints":{"allow":["GET"]}}],"collection":[{"href":"https:\/\/aesia.pt\/portal\/wp-json\/wp\/v2\/pages"}],"about":[{"href":"https:\/\/aesia.pt\/portal\/wp-json\/wp\/v2\/types\/page"}],"author":[{"embeddable":true,"href":"https:\/\/aesia.pt\/portal\/wp-json\/wp\/v2\/users\/8"}],"replies":[{"embeddable":true,"href":"https:\/\/aesia.pt\/portal\/wp-json\/wp\/v2\/comments?post=1217"}],"version-history":[{"count":8,"href":"https:\/\/aesia.pt\/portal\/wp-json\/wp\/v2\/pages\/1217\/revisions"}],"predecessor-version":[{"id":4976,"href":"https:\/\/aesia.pt\/portal\/wp-json\/wp\/v2\/pages\/1217\/revisions\/4976"}],"wp:attachment":[{"href":"https:\/\/aesia.pt\/portal\/wp-json\/wp\/v2\/media?parent=1217"}],"curies":[{"name":"wp","href":"https:\/\/api.w.org\/{rel}","templated":true}]}}