{"id":11387,"date":"2024-05-17T18:06:51","date_gmt":"2024-05-17T18:06:51","guid":{"rendered":"https:\/\/aesia.pt\/portal\/?page_id=11387"},"modified":"2024-12-10T22:48:55","modified_gmt":"2024-12-10T22:48:55","slug":"provas-2023-2024","status":"publish","type":"page","link":"https:\/\/aesia.pt\/portal\/a-aesia-agrupamento-de-escolas-de-santa-iria-de-azoia\/provas-2023-2024\/","title":{"rendered":"PROVAS E EXAMES 2023\/2024"},"content":{"rendered":"\n<p>Disponibilizam-se as&nbsp;<strong>Instru\u00e7\u00f5es de realiza\u00e7\u00e3o, cota\u00e7\u00f5es, crit\u00e9rios gerais de classifica\u00e7\u00e3o e material<\/strong>&nbsp;das provas de avalia\u00e7\u00e3o externa de 2023\/2024.<\/p>\n\n\n\n<p>Consulte-as acedendo a<\/p>\n\n\n\n<ul class=\"wp-block-list\">\n<li><a href=\"https:\/\/iave.pt\/wp-content\/uploads\/2024\/05\/IR-Geral-2024_n.pdf\" target=\"_blank\" rel=\"noreferrer noopener\"><strong>Instru\u00e7\u00f5es de Realiza\u00e7\u00e3o \u2013 geral<\/strong><\/a><\/li>\n<\/ul>\n\n\n\n<p>Disponibilizam-se as&nbsp;<strong>informa\u00e7\u00f5es complementares,<\/strong>&nbsp;para as provas de aferi\u00e7\u00e3o de 2023\/2024.<\/p>\n\n\n\n<p>Consulte-as acedendo a<\/p>\n\n\n\n<ul class=\"wp-block-list\">\n<li><a href=\"https:\/\/iave.pt\/wp-content\/uploads\/2024\/03\/IC-PA-2Ano-2024.pdf\" target=\"_blank\" rel=\"noreferrer noopener\"><strong>Informa\u00e7\u00e3o complementar \u2013 2.\u00ba ano<\/strong><\/a><\/li>\n\n\n\n<li><a href=\"https:\/\/iave.pt\/wp-content\/uploads\/2024\/03\/IC-PA-54-2024_2.pdf\" target=\"_blank\" rel=\"noreferrer noopener\"><strong>Informa\u00e7\u00e3o complementar \u2013 5.\u00ba ano<\/strong><\/a><\/li>\n\n\n\n<li><a href=\"https:\/\/iave.pt\/wp-content\/uploads\/2024\/04\/IC-PA-8Ano-2024_3.pdf\" target=\"_blank\" rel=\"noreferrer noopener\"><strong>Informa\u00e7\u00e3o complementar \u2013 8.\u00ba ano<\/strong><\/a>\u00a0\u2013 atualizada a 12 de abril, 2024<\/li>\n<\/ul>\n\n\n\n<p>Disponibilizam-se as&nbsp;<strong>informa\u00e7\u00f5es-prova<\/strong>&nbsp;de 2023\/2024.<\/p>\n\n\n\n<p>Consulte-as acedendo \u00e0<\/p>\n\n\n\n<ul class=\"wp-block-list\">\n<li><a href=\"https:\/\/iave.pt\/wp-content\/uploads\/2023\/10\/IP-Geral-2024_net.pdf\" target=\"_blank\" rel=\"noreferrer noopener\"><strong>Informa\u00e7\u00e3o-Prova Geral<\/strong><\/a><\/li>\n<\/ul>\n\n\n\n<p><\/p>\n\n\n\n<p>OUTROS DOCUMENTOS:<\/p>\n\n\n\n<p><strong><a href=\"https:\/\/www.dge.mec.pt\/sites\/default\/files\/JNE\/retificacao_ao_regulamento_2024.pdf\" target=\"_blank\" rel=\"noreferrer noopener\">Declara\u00e7\u00e3o de Retifica\u00e7\u00e3o n.\u00ba 203\/2024, de 21 de mar\u00e7o<\/a>\u00a0&#8211;\u00a0Retifica o Regulamento das Provas\u00a0de Avalia\u00e7\u00e3o Externa e das Provas de Equival\u00eancia \u00e0 Frequ\u00eancia dos Ensinos B\u00e1sico\u00a0e Secund\u00e1rio para o ano letivo de 2023-2024<\/strong><\/p>\n\n\n\n<p><strong><a href=\"https:\/\/www.dge.mec.pt\/sites\/default\/files\/JNE\/guiageralexames2024.pdf\" target=\"_blank\" rel=\"noreferrer noopener\">Guia Geral de Exames 2024<\/a><\/strong><\/p>\n\n\n\n<p><a href=\"https:\/\/www.dge.mec.pt\/sites\/default\/files\/JNE\/guia_das_adaptacoes_2024.pdf\" target=\"_blank\" rel=\"noreferrer noopener\"><strong>Guia para Aplica\u00e7\u00e3o de Adapta\u00e7\u00f5es na Realiza\u00e7\u00e3o de Provas e Exames\/JNE\/2024<\/strong><\/a><\/p>\n\n\n\n<p><strong><a href=\"https:\/\/www.dge.mec.pt\/sites\/default\/files\/JNE\/despacho_normativo_n.o_4_-_2024.pdf\" target=\"_blank\" rel=\"noreferrer noopener\">Despacho Normativo n.\u00ba 4\/2024, de 21 de fevereiro<\/a>\u00a0&#8211;<\/strong>\u00a0Aprova o Regulamento das Provas\u00a0de Avalia\u00e7\u00e3o Externa e das Provas de Equival\u00eancia \u00e0 Frequ\u00eancia dos Ensinos B\u00e1sico\u00a0e Secund\u00e1rio para o ano letivo de 2023-2024<\/p>\n\n\n\n<p>Norma 02\/JNE\/2024 &#8211; O J\u00fari Nacional de Exames (JNE) tem dispon\u00edvel na p\u00e1gina da DGE, s\u00edtio do JNE, no separador \u00c1rea Escolas, a\u00a0<a href=\"https:\/\/drive.google.com\/file\/d\/1EwKpS4yo0vZhfhPRPI0ZLmIwltW18mBs\/view?usp=sharing\" target=\"_blank\" rel=\"noreferrer noopener\"><strong>Norma 02\/JNE\/2024<\/strong>\u00a0\u2013\u00a0<strong>Instru\u00e7\u00f5es para a Realiza\u00e7\u00e3o, Classifica\u00e7\u00e3o, Reaprecia\u00e7\u00e3o e Reclama\u00e7\u00e3o de Provas e Exames do Ensino B\u00e1sico e do Ensino Secund\u00e1rio<\/strong><\/a>.<\/p>\n","protected":false},"excerpt":{"rendered":"<p>Disponibilizam-se as&nbsp;Instru\u00e7\u00f5es de realiza\u00e7\u00e3o, cota\u00e7\u00f5es, crit\u00e9rios gerais de classifica\u00e7\u00e3o e material&nbsp;das provas de avalia\u00e7\u00e3o externa de 2023\/2024. Consulte-as acedendo a&hellip; <a class=\"continue\" href=\"https:\/\/aesia.pt\/portal\/a-aesia-agrupamento-de-escolas-de-santa-iria-de-azoia\/provas-2023-2024\/\">Ler mais<span> PROVAS E EXAMES 2023\/2024<\/span><\/a><\/p>\n","protected":false},"author":13,"featured_media":0,"parent":4,"menu_order":0,"comment_status":"closed","ping_status":"closed","template":"p_base.php","meta":{"_acf_changed":false,"footnotes":""},"class_list":["post-11387","page","type-page","status-publish","hentry"],"acf":[],"yoast_head":"<!-- This site is optimized with the Yoast SEO plugin v27.4 - https:\/\/yoast.com\/product\/yoast-seo-wordpress\/ -->\n<title>PROVAS E EXAMES 2023\/2024 &#8211; AESIA<\/title>\n<meta name=\"robots\" content=\"index, follow, max-snippet:-1, max-image-preview:large, max-video-preview:-1\" \/>\n<link rel=\"canonical\" href=\"https:\/\/aesia.pt\/portal\/a-aesia-agrupamento-de-escolas-de-santa-iria-de-azoia\/provas-2023-2024\/\" \/>\n<meta property=\"og:locale\" content=\"pt_PT\" \/>\n<meta property=\"og:type\" content=\"article\" \/>\n<meta property=\"og:title\" content=\"PROVAS E EXAMES 2023\/2024 &#8211; AESIA\" \/>\n<meta property=\"og:description\" content=\"Disponibilizam-se as&nbsp;Instru\u00e7\u00f5es de realiza\u00e7\u00e3o, cota\u00e7\u00f5es, crit\u00e9rios gerais de classifica\u00e7\u00e3o e material&nbsp;das provas de avalia\u00e7\u00e3o externa de 2023\/2024. Consulte-as acedendo a&hellip; Ler mais PROVAS E EXAMES 2023\/2024\" \/>\n<meta property=\"og:url\" content=\"https:\/\/aesia.pt\/portal\/a-aesia-agrupamento-de-escolas-de-santa-iria-de-azoia\/provas-2023-2024\/\" \/>\n<meta property=\"og:site_name\" content=\"AESIA\" \/>\n<meta property=\"article:publisher\" content=\"https:\/\/www.facebook.com\/aesia.pt\/\" \/>\n<meta property=\"article:modified_time\" content=\"2024-12-10T22:48:55+00:00\" \/>\n<meta name=\"twitter:card\" content=\"summary_large_image\" \/>\n<meta name=\"twitter:label1\" content=\"Tempo estimado de leitura\" \/>\n\t<meta name=\"twitter:data1\" content=\"1 minuto\" \/>\n<script type=\"application\/ld+json\" class=\"yoast-schema-graph\">{\"@context\":\"https:\\\/\\\/schema.org\",\"@graph\":[{\"@type\":\"WebPage\",\"@id\":\"https:\\\/\\\/aesia.pt\\\/portal\\\/a-aesia-agrupamento-de-escolas-de-santa-iria-de-azoia\\\/provas-2023-2024\\\/\",\"url\":\"https:\\\/\\\/aesia.pt\\\/portal\\\/a-aesia-agrupamento-de-escolas-de-santa-iria-de-azoia\\\/provas-2023-2024\\\/\",\"name\":\"PROVAS E EXAMES 2023\\\/2024 &#8211; AESIA\",\"isPartOf\":{\"@id\":\"https:\\\/\\\/aesia.pt\\\/portal\\\/#website\"},\"datePublished\":\"2024-05-17T18:06:51+00:00\",\"dateModified\":\"2024-12-10T22:48:55+00:00\",\"breadcrumb\":{\"@id\":\"https:\\\/\\\/aesia.pt\\\/portal\\\/a-aesia-agrupamento-de-escolas-de-santa-iria-de-azoia\\\/provas-2023-2024\\\/#breadcrumb\"},\"inLanguage\":\"pt-PT\",\"potentialAction\":[{\"@type\":\"ReadAction\",\"target\":[\"https:\\\/\\\/aesia.pt\\\/portal\\\/a-aesia-agrupamento-de-escolas-de-santa-iria-de-azoia\\\/provas-2023-2024\\\/\"]}]},{\"@type\":\"BreadcrumbList\",\"@id\":\"https:\\\/\\\/aesia.pt\\\/portal\\\/a-aesia-agrupamento-de-escolas-de-santa-iria-de-azoia\\\/provas-2023-2024\\\/#breadcrumb\",\"itemListElement\":[{\"@type\":\"ListItem\",\"position\":1,\"name\":\"Home\",\"item\":\"https:\\\/\\\/aesia.pt\\\/portal\\\/\"},{\"@type\":\"ListItem\",\"position\":2,\"name\":\"AESIA &#8211; Agrupamento de Escolas de Santa Iria de Azoia\",\"item\":\"https:\\\/\\\/aesia.pt\\\/portal\\\/a-aesia-agrupamento-de-escolas-de-santa-iria-de-azoia\\\/\"},{\"@type\":\"ListItem\",\"position\":3,\"name\":\"PROVAS E EXAMES 2023\\\/2024\"}]},{\"@type\":\"WebSite\",\"@id\":\"https:\\\/\\\/aesia.pt\\\/portal\\\/#website\",\"url\":\"https:\\\/\\\/aesia.pt\\\/portal\\\/\",\"name\":\"AESIA\",\"description\":\"Agrupamento de Escolas de Santa Iria de Az\u00f3ia\",\"publisher\":{\"@id\":\"https:\\\/\\\/aesia.pt\\\/portal\\\/#organization\"},\"alternateName\":\"Agrupamento de Escolas de Santa Iria de Az\u00f3ia\",\"potentialAction\":[{\"@type\":\"SearchAction\",\"target\":{\"@type\":\"EntryPoint\",\"urlTemplate\":\"https:\\\/\\\/aesia.pt\\\/portal\\\/?s={search_term_string}\"},\"query-input\":{\"@type\":\"PropertyValueSpecification\",\"valueRequired\":true,\"valueName\":\"search_term_string\"}}],\"inLanguage\":\"pt-PT\"},{\"@type\":\"Organization\",\"@id\":\"https:\\\/\\\/aesia.pt\\\/portal\\\/#organization\",\"name\":\"Agrupamento de Escolas de Santa Iria de Az\u00f3ia\",\"alternateName\":\"AESIA\",\"url\":\"https:\\\/\\\/aesia.pt\\\/portal\\\/\",\"logo\":{\"@type\":\"ImageObject\",\"inLanguage\":\"pt-PT\",\"@id\":\"https:\\\/\\\/aesia.pt\\\/portal\\\/#\\\/schema\\\/logo\\\/image\\\/\",\"url\":\"https:\\\/\\\/aesia.pt\\\/portal\\\/wp-content\\\/uploads\\\/2023\\\/04\\\/logo4.png\",\"contentUrl\":\"https:\\\/\\\/aesia.pt\\\/portal\\\/wp-content\\\/uploads\\\/2023\\\/04\\\/logo4.png\",\"width\":162,\"height\":162,\"caption\":\"Agrupamento de Escolas de Santa Iria de Az\u00f3ia\"},\"image\":{\"@id\":\"https:\\\/\\\/aesia.pt\\\/portal\\\/#\\\/schema\\\/logo\\\/image\\\/\"},\"sameAs\":[\"https:\\\/\\\/www.facebook.com\\\/aesia.pt\\\/\"]}]}<\/script>\n<!-- \/ Yoast SEO plugin. -->","yoast_head_json":{"title":"PROVAS E EXAMES 2023\/2024 &#8211; AESIA","robots":{"index":"index","follow":"follow","max-snippet":"max-snippet:-1","max-image-preview":"max-image-preview:large","max-video-preview":"max-video-preview:-1"},"canonical":"https:\/\/aesia.pt\/portal\/a-aesia-agrupamento-de-escolas-de-santa-iria-de-azoia\/provas-2023-2024\/","og_locale":"pt_PT","og_type":"article","og_title":"PROVAS E EXAMES 2023\/2024 &#8211; AESIA","og_description":"Disponibilizam-se as&nbsp;Instru\u00e7\u00f5es de realiza\u00e7\u00e3o, cota\u00e7\u00f5es, crit\u00e9rios gerais de classifica\u00e7\u00e3o e material&nbsp;das provas de avalia\u00e7\u00e3o externa de 2023\/2024. Consulte-as acedendo a&hellip; Ler mais PROVAS E EXAMES 2023\/2024","og_url":"https:\/\/aesia.pt\/portal\/a-aesia-agrupamento-de-escolas-de-santa-iria-de-azoia\/provas-2023-2024\/","og_site_name":"AESIA","article_publisher":"https:\/\/www.facebook.com\/aesia.pt\/","article_modified_time":"2024-12-10T22:48:55+00:00","twitter_card":"summary_large_image","twitter_misc":{"Tempo estimado de leitura":"1 minuto"},"schema":{"@context":"https:\/\/schema.org","@graph":[{"@type":"WebPage","@id":"https:\/\/aesia.pt\/portal\/a-aesia-agrupamento-de-escolas-de-santa-iria-de-azoia\/provas-2023-2024\/","url":"https:\/\/aesia.pt\/portal\/a-aesia-agrupamento-de-escolas-de-santa-iria-de-azoia\/provas-2023-2024\/","name":"PROVAS E EXAMES 2023\/2024 &#8211; AESIA","isPartOf":{"@id":"https:\/\/aesia.pt\/portal\/#website"},"datePublished":"2024-05-17T18:06:51+00:00","dateModified":"2024-12-10T22:48:55+00:00","breadcrumb":{"@id":"https:\/\/aesia.pt\/portal\/a-aesia-agrupamento-de-escolas-de-santa-iria-de-azoia\/provas-2023-2024\/#breadcrumb"},"inLanguage":"pt-PT","potentialAction":[{"@type":"ReadAction","target":["https:\/\/aesia.pt\/portal\/a-aesia-agrupamento-de-escolas-de-santa-iria-de-azoia\/provas-2023-2024\/"]}]},{"@type":"BreadcrumbList","@id":"https:\/\/aesia.pt\/portal\/a-aesia-agrupamento-de-escolas-de-santa-iria-de-azoia\/provas-2023-2024\/#breadcrumb","itemListElement":[{"@type":"ListItem","position":1,"name":"Home","item":"https:\/\/aesia.pt\/portal\/"},{"@type":"ListItem","position":2,"name":"AESIA &#8211; Agrupamento de Escolas de Santa Iria de Azoia","item":"https:\/\/aesia.pt\/portal\/a-aesia-agrupamento-de-escolas-de-santa-iria-de-azoia\/"},{"@type":"ListItem","position":3,"name":"PROVAS E EXAMES 2023\/2024"}]},{"@type":"WebSite","@id":"https:\/\/aesia.pt\/portal\/#website","url":"https:\/\/aesia.pt\/portal\/","name":"AESIA","description":"Agrupamento de Escolas de Santa Iria de Az\u00f3ia","publisher":{"@id":"https:\/\/aesia.pt\/portal\/#organization"},"alternateName":"Agrupamento de Escolas de Santa Iria de Az\u00f3ia","potentialAction":[{"@type":"SearchAction","target":{"@type":"EntryPoint","urlTemplate":"https:\/\/aesia.pt\/portal\/?s={search_term_string}"},"query-input":{"@type":"PropertyValueSpecification","valueRequired":true,"valueName":"search_term_string"}}],"inLanguage":"pt-PT"},{"@type":"Organization","@id":"https:\/\/aesia.pt\/portal\/#organization","name":"Agrupamento de Escolas de Santa Iria de Az\u00f3ia","alternateName":"AESIA","url":"https:\/\/aesia.pt\/portal\/","logo":{"@type":"ImageObject","inLanguage":"pt-PT","@id":"https:\/\/aesia.pt\/portal\/#\/schema\/logo\/image\/","url":"https:\/\/aesia.pt\/portal\/wp-content\/uploads\/2023\/04\/logo4.png","contentUrl":"https:\/\/aesia.pt\/portal\/wp-content\/uploads\/2023\/04\/logo4.png","width":162,"height":162,"caption":"Agrupamento de Escolas de Santa Iria de Az\u00f3ia"},"image":{"@id":"https:\/\/aesia.pt\/portal\/#\/schema\/logo\/image\/"},"sameAs":["https:\/\/www.facebook.com\/aesia.pt\/"]}]}},"_links":{"self":[{"href":"https:\/\/aesia.pt\/portal\/wp-json\/wp\/v2\/pages\/11387","targetHints":{"allow":["GET"]}}],"collection":[{"href":"https:\/\/aesia.pt\/portal\/wp-json\/wp\/v2\/pages"}],"about":[{"href":"https:\/\/aesia.pt\/portal\/wp-json\/wp\/v2\/types\/page"}],"author":[{"embeddable":true,"href":"https:\/\/aesia.pt\/portal\/wp-json\/wp\/v2\/users\/13"}],"replies":[{"embeddable":true,"href":"https:\/\/aesia.pt\/portal\/wp-json\/wp\/v2\/comments?post=11387"}],"version-history":[{"count":2,"href":"https:\/\/aesia.pt\/portal\/wp-json\/wp\/v2\/pages\/11387\/revisions"}],"predecessor-version":[{"id":11391,"href":"https:\/\/aesia.pt\/portal\/wp-json\/wp\/v2\/pages\/11387\/revisions\/11391"}],"up":[{"embeddable":true,"href":"https:\/\/aesia.pt\/portal\/wp-json\/wp\/v2\/pages\/4"}],"wp:attachment":[{"href":"https:\/\/aesia.pt\/portal\/wp-json\/wp\/v2\/media?parent=11387"}],"curies":[{"name":"wp","href":"https:\/\/api.w.org\/{rel}","templated":true}]}}