{"id":1050,"date":"2014-11-14T11:49:36","date_gmt":"2014-11-14T11:49:36","guid":{"rendered":"http:\/\/aesia.pt\/portal\/?page_id=1050"},"modified":"2023-07-19T22:12:14","modified_gmt":"2023-07-19T22:12:14","slug":"seguranca","status":"publish","type":"page","link":"https:\/\/aesia.pt\/portal\/seguranca\/","title":{"rendered":"Seguran\u00e7a"},"content":{"rendered":"<h3 style=\"text-align: center;\"><span style=\"color: #000080;\"><strong>Plano de Conting\u00eancia AESIA 2020, setembro<\/strong><\/span><\/h3>\n<p><a href=\"https:\/\/drive.google.com\/file\/d\/1HcvKdD2m2JPymfwD21CkBaIfixHhx1Hp\/view?usp=sharing\">1. Plano de Conting\u00eancia AESIA 2020<\/a><br \/>\n<a href=\"https:\/\/drive.google.com\/file\/d\/1sTAkb3CrjcMeEsF-7ll1v6PBb6wdK0OZ\/view?usp=sharing\">1.1 &#8211; Plano de Higieniza\u00e7\u00e3o<\/a><br \/>\n<a href=\"https:\/\/drive.google.com\/file\/d\/1JOKw2-3nw16FRqIFczjKBQmpywODMe-_\/view?usp=sharing\">2. AtivLetPresenciais_InfGeral<\/a><br \/>\n<a href=\"https:\/\/drive.google.com\/file\/d\/12filcxysIi4e9_niFDIuizDhEaJYDkqS\/view?usp=sharing\">3.1 Codigo conduta- alunos<\/a><br \/>\n<a href=\"https:\/\/drive.google.com\/file\/d\/1K8I4DYbjg4m0PQXfNVhA7ulQjA21KFg5\/view?usp=sharing\">3.2 Codigo conduta-PD<\/a><br \/>\n<a href=\"https:\/\/drive.google.com\/file\/d\/1mqezP6d8hdus17fvuNuBOFV7l-aKsetj\/view?usp=sharing\">3.3 Codigos conduta &#8211; PND<\/a><br \/>\n<a href=\"https:\/\/drive.google.com\/file\/d\/10xA027tPvN5MQ4nSKHyeGNrFIK4xmO83\/view?usp=sharing\">4 DESCRI\u00c7\u00c3O DE OCORR\u00caNCIAS<\/a><br \/>\n<a href=\"https:\/\/drive.google.com\/file\/d\/1xdIH9EqAztQywqkK_W-b3OUqAl5BC8nT\/view?usp=sharing\">5.1 E Doc. 1 &#8211; Lavagem das m\u00e3os<\/a><br \/>\n<a href=\"https:\/\/drive.google.com\/file\/d\/1FCG_yMpx6ZPxDUxqFanj3_Y733JaPK45\/view?usp=sharing\">5.2 E Doc. 2 &#8211; Desinfe\u00e7\u00e3o das m\u00e3os<\/a><br \/>\n<a href=\"https:\/\/drive.google.com\/file\/d\/11lJFFxZD2m-98xQSTfbbR9Z9LSJ9I9ft\/view?usp=sharing\">5.3 E Doc. 3 &#8211; Como utilizar luvas<\/a><br \/>\n<a href=\"https:\/\/drive.google.com\/file\/d\/1Hc4MNiYjnN-9lmTDkWDwJ8XCGsi5jsnA\/view?usp=sharing\">5.4 E Doc. 4 &#8211; Procedimentos de conduta social<\/a><br \/>\n<a href=\"https:\/\/drive.google.com\/file\/d\/1m_hyfMmbOt0gvclnOcK34u_gLu7JeC8v\/view?usp=sharing\">6.1 Orienta\u00e7\u00f5es de Funcionamento_EF<\/a><br \/>\n<a href=\"https:\/\/drive.google.com\/file\/d\/1Syk2F9lX2URDatLYYiTvbYX5Vp4MWfIl\/view?usp=sharing\">6.2 Orienta\u00e7\u00f5es para uso do Pavilh\u00e3o Desportivo<\/a><br \/>\n<a href=\"https:\/\/drive.google.com\/file\/d\/19B5T4LZZGNz4FmaJSADjiuoJtX_uiz3e\/view?usp=sharing\">7.1 Organograma AOPA<\/a><br \/>\n<a href=\"https:\/\/drive.google.com\/file\/d\/19JkJa6phTutvKf5sV4X8XV_Yyi83n6_d\/view?usp=sharing\">7.2 Organograma EB1_JI<\/a><br \/>\n<a href=\"https:\/\/drive.google.com\/file\/d\/1dLTHnCApS6K-qK07cLWHlPPozgrZ0u7R\/view?usp=sharing\">7.3 Organograma EB2,3<\/a><br \/>\n<a href=\"https:\/\/drive.google.com\/file\/d\/14_Yc8BHi5W3pMF5fbK91x_B8xJ4mNP3K\/view?usp=drive_link\" target=\"_blank\" rel=\"noopener\">8.1 EB 23<\/a><br \/>\n<a href=\"https:\/\/drive.google.com\/file\/d\/1Wvm0VDKlyj10Jct97vBkiNtJuOBedefJ\/view?usp=drive_link\" target=\"_blank\" rel=\"noopener\">8.2 EB Alto da Eira<\/a><br \/>\n<a href=\"https:\/\/drive.google.com\/file\/d\/1OOebq1cUUjdimgsL3d9ggKhfuwAWBJOY\/view?usp=drive_link\" target=\"_blank\" rel=\"noopener\">8.3 EB Bela Vista<\/a><br \/>\n<a href=\"https:\/\/drive.google.com\/file\/d\/1dvpkDUj__yFC9ullCRfmE5A6fHZVDrLG\/view?usp=drive_link\" target=\"_blank\" rel=\"noopener\">8.4 EB Covina<\/a><br \/>\n<a href=\"https:\/\/drive.google.com\/file\/d\/1WSXF3DNDgllnHEjsEJQys0s1WUS1g27i\/view?usp=drive_link\" target=\"_blank\" rel=\"noopener\">8.5 EB Fernando Pessoa<\/a><br \/>\n<a href=\"https:\/\/drive.google.com\/file\/d\/143pDJ_n8p1jMTIANecQAbD_z5-A5jAmv\/view?usp=drive_link\" target=\"_blank\" rel=\"noopener\">8.6 EB Julio Dinis<\/a><br \/>\n<a href=\"https:\/\/drive.google.com\/file\/d\/1NsPpJrTNuO1AwWmrRI2v5uUTbYX4qp4E\/view?usp=drive_link\" target=\"_blank\" rel=\"noopener\">8.7 EB Via Rara<\/a><\/p>\n<hr \/>\n<h3><\/h3>\n<h3 style=\"text-align: center;\"><span style=\"color: #000080;\"><strong>Plano de Conting\u00eancia\u00a0 &#8211; Coronav\u00edrus<\/strong><\/span><\/h3>\n<p><a href=\"https:\/\/drive.google.com\/file\/d\/1jSl2hY9Qr_B0GO9KTVg6g9Tjm2u-4DOQ\/view?usp=sharing\">Plano de Conting\u00eancia &#8211; AESIA<\/a><\/p>\n<p><a href=\"https:\/\/drive.google.com\/file\/d\/1FGYTFZiyu8JRu0apPUwkb7W98dYtliFF\/view?usp=sharing\">Anexos ao Plano de Conting\u00eancia<\/a><\/p>\n<p><a href=\"https:\/\/aesia.pt\/portal\/cuidados-a-ter-em-casa\/\">Recomenda\u00e7\u00f5es\u00a0 para quem est\u00e1 em casa<\/a><\/p>\n<hr \/>\n<p style=\"text-align: center;\"><span style=\"color: #000080;\"><b><i>RECOMENDA\u00c7\u00d5ES \u2013 POLICIA DE SEGURAN\u00c7A P\u00daBLICA<\/i><\/b><\/span><\/p>\n<p><a href=\"http:\/\/www.psp.pt\/Pages\/apspaconselha\/maesepais.aspx?menu=1\"><b><i>http:\/\/www.psp.pt\/Pages\/programasespeciais\/escolasegura.aspx?menu=4<\/i><\/b><\/a><\/p>\n<p><b><i>A Seguran\u00e7a come\u00e7a em cada um de n\u00f3s A seguran\u00e7a \u00e9 responsabilidade de todos. Tamb\u00e9m sua! Participe na seguran\u00e7a dos seus filhos.<\/i><\/b><\/p>\n<p><b>Conhe\u00e7a:<\/b><\/p>\n<ul>\n<li>O seu hor\u00e1rio escolar<\/li>\n<li>Os percursos que utiliza de ida e volta para a escola<\/li>\n<li>Os nomes e contactos dos colegas e amigos mais pr\u00f3ximos<\/li>\n<li>Os locais onde costuma brincar<\/li>\n<\/ul>\n<p>Ajude a PSP a desenvolver um trabalho de preven\u00e7\u00e3o junto \u00e0s Escolas.<\/p>\n<p>Aconselhe o seu filho a:<\/p>\n<ul>\n<li>N\u00e3o aceitar boleias de desconhecidos;<\/li>\n<li>N\u00e3o\u00a0exibir dinheiro, bens materiais\u00a0ou outros valores;<\/li>\n<li>N\u00e3o aceitar guloseimas, dinheiro ou outras ofertas de desconhecidos;<\/li>\n<li>N\u00e3o alterar os percursos de ida e volta para casa sem pr\u00e9 aviso dos pais;<\/li>\n<li>N\u00e3o brincar em zonas desertas ou com pouco movimento;<\/li>\n<li>Deslocar-se na companhia de um grupo de amigos;<\/li>\n<li>Informar os pais sobre qualquer contacto ou acontecimento estranho;<\/li>\n<li>Pedir de imediato ajuda\u00a0em caso de necessidade;<\/li>\n<li>Conhecer os Agentes que efectuam policiamento na sua Escola, falando com; eles acerca dos problemas de seguran\u00e7a que verifiquem.<\/li>\n<\/ul>\n<p><b><i>Estes comportamentos ajudam a proteger os seus filhos. Ensine-os.<\/i><\/b><\/p>\n<h3>Outras informa\u00e7\u00f5es de seguran\u00e7a<\/h3>\n<p><a href=\"https:\/\/drive.google.com\/file\/d\/0B1e1wat7N0HIS0VZdm15bFhWZlk\/view?usp=sharing\" target=\"_blank\" rel=\"noopener noreferrer\">Instru\u00e7\u00f5es gerais de seguran\u00e7a<br \/>\n<\/a><a href=\"https:\/\/drive.google.com\/file\/d\/0B1e1wat7N0HIOWhWNll0allGbWc\/view?usp=sharing\" target=\"_blank\" rel=\"noopener noreferrer\"><br \/>\nEm caso de Sismos<br \/>\n<\/a><br \/>\n<a href=\"https:\/\/drive.google.com\/file\/d\/0B1e1wat7N0HIR2NaTy1uOTFWaWM\/view?usp=sharing\" target=\"_blank\" rel=\"noopener noreferrer\">Plano de Preven\u00e7\u00e3o e Emerg\u00eancia para Estabelecimentos de Ensino<br \/>\n<\/a><\/p>\n<p><a href=\"https:\/\/drive.google.com\/file\/d\/0B1e1wat7N0HIdzctU1B0Yy1RRlk\/view?usp=sharing\">Relat\u00f3rio de Avalia\u00e7\u00e3o do Simulacro de Sismo<\/a><\/p>\n<p><a href=\"http:\/\/www.apavparajovens.pt\/pt\/go\/redes-sociais-e-novas-tecnologias\">Redes Sociais e Novas Tecnologias<\/a><\/p>\n","protected":false},"excerpt":{"rendered":"<p>Plano de Conting\u00eancia AESIA 2020, setembro 1. Plano de Conting\u00eancia AESIA 2020 1.1 &#8211; Plano de Higieniza\u00e7\u00e3o 2. AtivLetPresenciais_InfGeral 3.1&hellip; <a class=\"continue\" href=\"https:\/\/aesia.pt\/portal\/seguranca\/\">Ler mais<span> Seguran\u00e7a<\/span><\/a><\/p>\n","protected":false},"author":8,"featured_media":0,"parent":0,"menu_order":0,"comment_status":"open","ping_status":"open","template":"p_base.php","meta":{"_acf_changed":false,"footnotes":""},"class_list":["post-1050","page","type-page","status-publish","hentry"],"acf":[],"yoast_head":"<!-- This site is optimized with the Yoast SEO plugin v27.3 - https:\/\/yoast.com\/product\/yoast-seo-wordpress\/ -->\n<title>Seguran\u00e7a &#8211; AESIA<\/title>\n<meta name=\"robots\" content=\"index, follow, max-snippet:-1, max-image-preview:large, max-video-preview:-1\" \/>\n<link rel=\"canonical\" href=\"https:\/\/aesia.pt\/portal\/seguranca\/\" \/>\n<meta property=\"og:locale\" content=\"pt_PT\" \/>\n<meta property=\"og:type\" content=\"article\" \/>\n<meta property=\"og:title\" content=\"Seguran\u00e7a &#8211; AESIA\" \/>\n<meta property=\"og:description\" content=\"Plano de Conting\u00eancia AESIA 2020, setembro 1. Plano de Conting\u00eancia AESIA 2020 1.1 &#8211; Plano de Higieniza\u00e7\u00e3o 2. AtivLetPresenciais_InfGeral 3.1&hellip; Ler mais Seguran\u00e7a\" \/>\n<meta property=\"og:url\" content=\"https:\/\/aesia.pt\/portal\/seguranca\/\" \/>\n<meta property=\"og:site_name\" content=\"AESIA\" \/>\n<meta property=\"article:publisher\" content=\"https:\/\/www.facebook.com\/aesia.pt\/\" \/>\n<meta property=\"article:modified_time\" content=\"2023-07-19T22:12:14+00:00\" \/>\n<meta name=\"twitter:card\" content=\"summary_large_image\" \/>\n<meta name=\"twitter:label1\" content=\"Tempo estimado de leitura\" \/>\n\t<meta name=\"twitter:data1\" content=\"2 minutos\" \/>\n<script type=\"application\/ld+json\" class=\"yoast-schema-graph\">{\"@context\":\"https:\\\/\\\/schema.org\",\"@graph\":[{\"@type\":\"WebPage\",\"@id\":\"https:\\\/\\\/aesia.pt\\\/portal\\\/seguranca\\\/\",\"url\":\"https:\\\/\\\/aesia.pt\\\/portal\\\/seguranca\\\/\",\"name\":\"Seguran\u00e7a &#8211; AESIA\",\"isPartOf\":{\"@id\":\"https:\\\/\\\/aesia.pt\\\/portal\\\/#website\"},\"datePublished\":\"2014-11-14T11:49:36+00:00\",\"dateModified\":\"2023-07-19T22:12:14+00:00\",\"breadcrumb\":{\"@id\":\"https:\\\/\\\/aesia.pt\\\/portal\\\/seguranca\\\/#breadcrumb\"},\"inLanguage\":\"pt-PT\",\"potentialAction\":[{\"@type\":\"ReadAction\",\"target\":[\"https:\\\/\\\/aesia.pt\\\/portal\\\/seguranca\\\/\"]}]},{\"@type\":\"BreadcrumbList\",\"@id\":\"https:\\\/\\\/aesia.pt\\\/portal\\\/seguranca\\\/#breadcrumb\",\"itemListElement\":[{\"@type\":\"ListItem\",\"position\":1,\"name\":\"Home\",\"item\":\"https:\\\/\\\/aesia.pt\\\/portal\\\/\"},{\"@type\":\"ListItem\",\"position\":2,\"name\":\"Seguran\u00e7a\"}]},{\"@type\":\"WebSite\",\"@id\":\"https:\\\/\\\/aesia.pt\\\/portal\\\/#website\",\"url\":\"https:\\\/\\\/aesia.pt\\\/portal\\\/\",\"name\":\"AESIA\",\"description\":\"Agrupamento de Escolas de Santa Iria de Az\u00f3ia\",\"publisher\":{\"@id\":\"https:\\\/\\\/aesia.pt\\\/portal\\\/#organization\"},\"alternateName\":\"Agrupamento de Escolas de Santa Iria de Az\u00f3ia\",\"potentialAction\":[{\"@type\":\"SearchAction\",\"target\":{\"@type\":\"EntryPoint\",\"urlTemplate\":\"https:\\\/\\\/aesia.pt\\\/portal\\\/?s={search_term_string}\"},\"query-input\":{\"@type\":\"PropertyValueSpecification\",\"valueRequired\":true,\"valueName\":\"search_term_string\"}}],\"inLanguage\":\"pt-PT\"},{\"@type\":\"Organization\",\"@id\":\"https:\\\/\\\/aesia.pt\\\/portal\\\/#organization\",\"name\":\"Agrupamento de Escolas de Santa Iria de Az\u00f3ia\",\"alternateName\":\"AESIA\",\"url\":\"https:\\\/\\\/aesia.pt\\\/portal\\\/\",\"logo\":{\"@type\":\"ImageObject\",\"inLanguage\":\"pt-PT\",\"@id\":\"https:\\\/\\\/aesia.pt\\\/portal\\\/#\\\/schema\\\/logo\\\/image\\\/\",\"url\":\"https:\\\/\\\/aesia.pt\\\/portal\\\/wp-content\\\/uploads\\\/2023\\\/04\\\/logo4.png\",\"contentUrl\":\"https:\\\/\\\/aesia.pt\\\/portal\\\/wp-content\\\/uploads\\\/2023\\\/04\\\/logo4.png\",\"width\":162,\"height\":162,\"caption\":\"Agrupamento de Escolas de Santa Iria de Az\u00f3ia\"},\"image\":{\"@id\":\"https:\\\/\\\/aesia.pt\\\/portal\\\/#\\\/schema\\\/logo\\\/image\\\/\"},\"sameAs\":[\"https:\\\/\\\/www.facebook.com\\\/aesia.pt\\\/\"]}]}<\/script>\n<!-- \/ Yoast SEO plugin. -->","yoast_head_json":{"title":"Seguran\u00e7a &#8211; AESIA","robots":{"index":"index","follow":"follow","max-snippet":"max-snippet:-1","max-image-preview":"max-image-preview:large","max-video-preview":"max-video-preview:-1"},"canonical":"https:\/\/aesia.pt\/portal\/seguranca\/","og_locale":"pt_PT","og_type":"article","og_title":"Seguran\u00e7a &#8211; AESIA","og_description":"Plano de Conting\u00eancia AESIA 2020, setembro 1. Plano de Conting\u00eancia AESIA 2020 1.1 &#8211; Plano de Higieniza\u00e7\u00e3o 2. AtivLetPresenciais_InfGeral 3.1&hellip; Ler mais Seguran\u00e7a","og_url":"https:\/\/aesia.pt\/portal\/seguranca\/","og_site_name":"AESIA","article_publisher":"https:\/\/www.facebook.com\/aesia.pt\/","article_modified_time":"2023-07-19T22:12:14+00:00","twitter_card":"summary_large_image","twitter_misc":{"Tempo estimado de leitura":"2 minutos"},"schema":{"@context":"https:\/\/schema.org","@graph":[{"@type":"WebPage","@id":"https:\/\/aesia.pt\/portal\/seguranca\/","url":"https:\/\/aesia.pt\/portal\/seguranca\/","name":"Seguran\u00e7a &#8211; AESIA","isPartOf":{"@id":"https:\/\/aesia.pt\/portal\/#website"},"datePublished":"2014-11-14T11:49:36+00:00","dateModified":"2023-07-19T22:12:14+00:00","breadcrumb":{"@id":"https:\/\/aesia.pt\/portal\/seguranca\/#breadcrumb"},"inLanguage":"pt-PT","potentialAction":[{"@type":"ReadAction","target":["https:\/\/aesia.pt\/portal\/seguranca\/"]}]},{"@type":"BreadcrumbList","@id":"https:\/\/aesia.pt\/portal\/seguranca\/#breadcrumb","itemListElement":[{"@type":"ListItem","position":1,"name":"Home","item":"https:\/\/aesia.pt\/portal\/"},{"@type":"ListItem","position":2,"name":"Seguran\u00e7a"}]},{"@type":"WebSite","@id":"https:\/\/aesia.pt\/portal\/#website","url":"https:\/\/aesia.pt\/portal\/","name":"AESIA","description":"Agrupamento de Escolas de Santa Iria de Az\u00f3ia","publisher":{"@id":"https:\/\/aesia.pt\/portal\/#organization"},"alternateName":"Agrupamento de Escolas de Santa Iria de Az\u00f3ia","potentialAction":[{"@type":"SearchAction","target":{"@type":"EntryPoint","urlTemplate":"https:\/\/aesia.pt\/portal\/?s={search_term_string}"},"query-input":{"@type":"PropertyValueSpecification","valueRequired":true,"valueName":"search_term_string"}}],"inLanguage":"pt-PT"},{"@type":"Organization","@id":"https:\/\/aesia.pt\/portal\/#organization","name":"Agrupamento de Escolas de Santa Iria de Az\u00f3ia","alternateName":"AESIA","url":"https:\/\/aesia.pt\/portal\/","logo":{"@type":"ImageObject","inLanguage":"pt-PT","@id":"https:\/\/aesia.pt\/portal\/#\/schema\/logo\/image\/","url":"https:\/\/aesia.pt\/portal\/wp-content\/uploads\/2023\/04\/logo4.png","contentUrl":"https:\/\/aesia.pt\/portal\/wp-content\/uploads\/2023\/04\/logo4.png","width":162,"height":162,"caption":"Agrupamento de Escolas de Santa Iria de Az\u00f3ia"},"image":{"@id":"https:\/\/aesia.pt\/portal\/#\/schema\/logo\/image\/"},"sameAs":["https:\/\/www.facebook.com\/aesia.pt\/"]}]}},"_links":{"self":[{"href":"https:\/\/aesia.pt\/portal\/wp-json\/wp\/v2\/pages\/1050","targetHints":{"allow":["GET"]}}],"collection":[{"href":"https:\/\/aesia.pt\/portal\/wp-json\/wp\/v2\/pages"}],"about":[{"href":"https:\/\/aesia.pt\/portal\/wp-json\/wp\/v2\/types\/page"}],"author":[{"embeddable":true,"href":"https:\/\/aesia.pt\/portal\/wp-json\/wp\/v2\/users\/8"}],"replies":[{"embeddable":true,"href":"https:\/\/aesia.pt\/portal\/wp-json\/wp\/v2\/comments?post=1050"}],"version-history":[{"count":27,"href":"https:\/\/aesia.pt\/portal\/wp-json\/wp\/v2\/pages\/1050\/revisions"}],"predecessor-version":[{"id":8305,"href":"https:\/\/aesia.pt\/portal\/wp-json\/wp\/v2\/pages\/1050\/revisions\/8305"}],"wp:attachment":[{"href":"https:\/\/aesia.pt\/portal\/wp-json\/wp\/v2\/media?parent=1050"}],"curies":[{"name":"wp","href":"https:\/\/api.w.org\/{rel}","templated":true}]}}