{"id":10311,"date":"2024-01-21T23:49:45","date_gmt":"2024-01-21T23:49:45","guid":{"rendered":"https:\/\/aesia.pt\/portal\/?page_id=10311"},"modified":"2025-01-22T13:32:35","modified_gmt":"2025-01-22T13:32:35","slug":"horarios-nova-pagina_a","status":"publish","type":"page","link":"https:\/\/aesia.pt\/portal\/horarios-nova-pagina_a\/","title":{"rendered":"Hor\u00e1rios BE\/CRE"},"content":{"rendered":"<div class=\"wp-block-image\">\n<figure class=\"aligncenter size-full is-resized\"><a href=\"https:\/\/aesia.pt\/portal\/wp-content\/uploads\/2024\/02\/image-7.png\"><img loading=\"lazy\" decoding=\"async\" width=\"279\" height=\"182\" src=\"https:\/\/aesia.pt\/portal\/wp-content\/uploads\/2024\/02\/image-7.png\" alt=\"\" class=\"wp-image-10439\" style=\"width:282px;height:auto\"\/><\/a><\/figure>\n<\/div>\n\n\n<ul class=\"wp-block-list\">\n<li><strong>Hor\u00e1rio da BE\/CRE<\/strong><\/li>\n<\/ul>\n\n\n\n<p>Na escola EB 2\/3 de Santa Iria de Az\u00f3ia, a BE\/CRE funciona durante o per\u00edodo letivo, para assuntos relacionados com a requisi\u00e7\u00e3o ou entrega de livros, e utiliza\u00e7\u00e3o dos computadores.<\/p>\n\n\n<div class=\"wp-block-image\">\n<figure class=\"aligncenter size-full\"><a href=\"https:\/\/aesia.pt\/portal\/wp-content\/uploads\/2025\/01\/Horario-BECRE-1.png\"><img loading=\"lazy\" decoding=\"async\" width=\"874\" height=\"605\" src=\"https:\/\/aesia.pt\/portal\/wp-content\/uploads\/2025\/01\/Horario-BECRE-1.png\" alt=\"\" class=\"wp-image-14456\" srcset=\"https:\/\/aesia.pt\/portal\/wp-content\/uploads\/2025\/01\/Horario-BECRE-1.png 874w, https:\/\/aesia.pt\/portal\/wp-content\/uploads\/2025\/01\/Horario-BECRE-1-300x208.png 300w, https:\/\/aesia.pt\/portal\/wp-content\/uploads\/2025\/01\/Horario-BECRE-1-768x532.png 768w\" sizes=\"auto, (max-width: 874px) 100vw, 874px\" \/><\/a><\/figure>\n<\/div>\n\n\n<p><\/p>\n\n\n\n<p><strong>Hor\u00e1rio do professor da BE\/CRE<\/strong><\/p>\n\n\n\n<p>Na escola do 1\u00ba CEB e Educa\u00e7\u00e3o Pr\u00e9-Escolar de Santa Iria de Az\u00f3ia, o professor bibliotec\u00e1rio dinamiza atividades e organiza a BE\/CRE.<\/p>\n\n\n<div class=\"wp-block-image\">\n<figure class=\"aligncenter size-large\"><a href=\"https:\/\/aesia.pt\/portal\/wp-content\/uploads\/2025\/01\/HORARIO-EB1-1.png\"><img loading=\"lazy\" decoding=\"async\" width=\"1024\" height=\"541\" src=\"https:\/\/aesia.pt\/portal\/wp-content\/uploads\/2025\/01\/HORARIO-EB1-1-1024x541.png\" alt=\"\" class=\"wp-image-14717\" srcset=\"https:\/\/aesia.pt\/portal\/wp-content\/uploads\/2025\/01\/HORARIO-EB1-1-1024x541.png 1024w, https:\/\/aesia.pt\/portal\/wp-content\/uploads\/2025\/01\/HORARIO-EB1-1-300x158.png 300w, https:\/\/aesia.pt\/portal\/wp-content\/uploads\/2025\/01\/HORARIO-EB1-1-768x406.png 768w, https:\/\/aesia.pt\/portal\/wp-content\/uploads\/2025\/01\/HORARIO-EB1-1.png 1416w\" sizes=\"auto, (max-width: 1024px) 100vw, 1024px\" \/><\/a><\/figure>\n<\/div>\n\n\n<p><\/p>\n\n\n\n<p><\/p>\n\n\n\n<p><\/p>\n","protected":false},"excerpt":{"rendered":"<p>Na escola EB 2\/3 de Santa Iria de Az\u00f3ia, a BE\/CRE funciona durante o per\u00edodo letivo, para assuntos relacionados com&hellip; <a class=\"continue\" href=\"https:\/\/aesia.pt\/portal\/horarios-nova-pagina_a\/\">Ler mais<span> Hor\u00e1rios BE\/CRE<\/span><\/a><\/p>\n","protected":false},"author":13,"featured_media":0,"parent":0,"menu_order":0,"comment_status":"closed","ping_status":"closed","template":"p_base.php","meta":{"_acf_changed":false,"footnotes":""},"class_list":["post-10311","page","type-page","status-publish","hentry"],"acf":[],"yoast_head":"<!-- This site is optimized with the Yoast SEO plugin v27.3 - https:\/\/yoast.com\/product\/yoast-seo-wordpress\/ -->\n<title>Hor\u00e1rios BE\/CRE &#8211; AESIA<\/title>\n<meta name=\"description\" content=\"%\" \/>\n<meta name=\"robots\" content=\"index, follow, max-snippet:-1, max-image-preview:large, max-video-preview:-1\" \/>\n<link rel=\"canonical\" href=\"https:\/\/aesia.pt\/portal\/horarios-nova-pagina_a\/\" \/>\n<meta property=\"og:locale\" content=\"pt_PT\" \/>\n<meta property=\"og:type\" content=\"article\" \/>\n<meta property=\"og:title\" content=\"Hor\u00e1rios BE\/CRE &#8211; AESIA\" \/>\n<meta property=\"og:description\" content=\"%\" \/>\n<meta property=\"og:url\" content=\"https:\/\/aesia.pt\/portal\/horarios-nova-pagina_a\/\" \/>\n<meta property=\"og:site_name\" content=\"AESIA\" \/>\n<meta property=\"article:publisher\" content=\"https:\/\/www.facebook.com\/aesia.pt\/\" \/>\n<meta property=\"article:modified_time\" content=\"2025-01-22T13:32:35+00:00\" \/>\n<meta property=\"og:image\" content=\"https:\/\/aesia.pt\/portal\/wp-content\/uploads\/2024\/02\/image-7.png\" \/>\n\t<meta property=\"og:image:width\" content=\"279\" \/>\n\t<meta property=\"og:image:height\" content=\"182\" \/>\n\t<meta property=\"og:image:type\" content=\"image\/png\" \/>\n<meta name=\"twitter:card\" content=\"summary_large_image\" \/>\n<script type=\"application\/ld+json\" class=\"yoast-schema-graph\">{\"@context\":\"https:\\\/\\\/schema.org\",\"@graph\":[{\"@type\":\"WebPage\",\"@id\":\"https:\\\/\\\/aesia.pt\\\/portal\\\/horarios-nova-pagina_a\\\/\",\"url\":\"https:\\\/\\\/aesia.pt\\\/portal\\\/horarios-nova-pagina_a\\\/\",\"name\":\"Hor\u00e1rios BE\\\/CRE &#8211; AESIA\",\"isPartOf\":{\"@id\":\"https:\\\/\\\/aesia.pt\\\/portal\\\/#website\"},\"primaryImageOfPage\":{\"@id\":\"https:\\\/\\\/aesia.pt\\\/portal\\\/horarios-nova-pagina_a\\\/#primaryimage\"},\"image\":{\"@id\":\"https:\\\/\\\/aesia.pt\\\/portal\\\/horarios-nova-pagina_a\\\/#primaryimage\"},\"thumbnailUrl\":\"https:\\\/\\\/aesia.pt\\\/portal\\\/wp-content\\\/uploads\\\/2024\\\/02\\\/image-7.png\",\"datePublished\":\"2024-01-21T23:49:45+00:00\",\"dateModified\":\"2025-01-22T13:32:35+00:00\",\"description\":\"%\",\"breadcrumb\":{\"@id\":\"https:\\\/\\\/aesia.pt\\\/portal\\\/horarios-nova-pagina_a\\\/#breadcrumb\"},\"inLanguage\":\"pt-PT\",\"potentialAction\":[{\"@type\":\"ReadAction\",\"target\":[\"https:\\\/\\\/aesia.pt\\\/portal\\\/horarios-nova-pagina_a\\\/\"]}]},{\"@type\":\"ImageObject\",\"inLanguage\":\"pt-PT\",\"@id\":\"https:\\\/\\\/aesia.pt\\\/portal\\\/horarios-nova-pagina_a\\\/#primaryimage\",\"url\":\"https:\\\/\\\/aesia.pt\\\/portal\\\/wp-content\\\/uploads\\\/2024\\\/02\\\/image-7.png\",\"contentUrl\":\"https:\\\/\\\/aesia.pt\\\/portal\\\/wp-content\\\/uploads\\\/2024\\\/02\\\/image-7.png\",\"width\":279,\"height\":182},{\"@type\":\"BreadcrumbList\",\"@id\":\"https:\\\/\\\/aesia.pt\\\/portal\\\/horarios-nova-pagina_a\\\/#breadcrumb\",\"itemListElement\":[{\"@type\":\"ListItem\",\"position\":1,\"name\":\"Home\",\"item\":\"https:\\\/\\\/aesia.pt\\\/portal\\\/\"},{\"@type\":\"ListItem\",\"position\":2,\"name\":\"Hor\u00e1rios BE\\\/CRE\"}]},{\"@type\":\"WebSite\",\"@id\":\"https:\\\/\\\/aesia.pt\\\/portal\\\/#website\",\"url\":\"https:\\\/\\\/aesia.pt\\\/portal\\\/\",\"name\":\"AESIA\",\"description\":\"Agrupamento de Escolas de Santa Iria de Az\u00f3ia\",\"publisher\":{\"@id\":\"https:\\\/\\\/aesia.pt\\\/portal\\\/#organization\"},\"alternateName\":\"Agrupamento de Escolas de Santa Iria de Az\u00f3ia\",\"potentialAction\":[{\"@type\":\"SearchAction\",\"target\":{\"@type\":\"EntryPoint\",\"urlTemplate\":\"https:\\\/\\\/aesia.pt\\\/portal\\\/?s={search_term_string}\"},\"query-input\":{\"@type\":\"PropertyValueSpecification\",\"valueRequired\":true,\"valueName\":\"search_term_string\"}}],\"inLanguage\":\"pt-PT\"},{\"@type\":\"Organization\",\"@id\":\"https:\\\/\\\/aesia.pt\\\/portal\\\/#organization\",\"name\":\"Agrupamento de Escolas de Santa Iria de Az\u00f3ia\",\"alternateName\":\"AESIA\",\"url\":\"https:\\\/\\\/aesia.pt\\\/portal\\\/\",\"logo\":{\"@type\":\"ImageObject\",\"inLanguage\":\"pt-PT\",\"@id\":\"https:\\\/\\\/aesia.pt\\\/portal\\\/#\\\/schema\\\/logo\\\/image\\\/\",\"url\":\"https:\\\/\\\/aesia.pt\\\/portal\\\/wp-content\\\/uploads\\\/2023\\\/04\\\/logo4.png\",\"contentUrl\":\"https:\\\/\\\/aesia.pt\\\/portal\\\/wp-content\\\/uploads\\\/2023\\\/04\\\/logo4.png\",\"width\":162,\"height\":162,\"caption\":\"Agrupamento de Escolas de Santa Iria de Az\u00f3ia\"},\"image\":{\"@id\":\"https:\\\/\\\/aesia.pt\\\/portal\\\/#\\\/schema\\\/logo\\\/image\\\/\"},\"sameAs\":[\"https:\\\/\\\/www.facebook.com\\\/aesia.pt\\\/\"]}]}<\/script>\n<!-- \/ Yoast SEO plugin. -->","yoast_head_json":{"title":"Hor\u00e1rios BE\/CRE &#8211; AESIA","description":"%","robots":{"index":"index","follow":"follow","max-snippet":"max-snippet:-1","max-image-preview":"max-image-preview:large","max-video-preview":"max-video-preview:-1"},"canonical":"https:\/\/aesia.pt\/portal\/horarios-nova-pagina_a\/","og_locale":"pt_PT","og_type":"article","og_title":"Hor\u00e1rios BE\/CRE &#8211; AESIA","og_description":"%","og_url":"https:\/\/aesia.pt\/portal\/horarios-nova-pagina_a\/","og_site_name":"AESIA","article_publisher":"https:\/\/www.facebook.com\/aesia.pt\/","article_modified_time":"2025-01-22T13:32:35+00:00","og_image":[{"width":279,"height":182,"url":"https:\/\/aesia.pt\/portal\/wp-content\/uploads\/2024\/02\/image-7.png","type":"image\/png"}],"twitter_card":"summary_large_image","schema":{"@context":"https:\/\/schema.org","@graph":[{"@type":"WebPage","@id":"https:\/\/aesia.pt\/portal\/horarios-nova-pagina_a\/","url":"https:\/\/aesia.pt\/portal\/horarios-nova-pagina_a\/","name":"Hor\u00e1rios BE\/CRE &#8211; AESIA","isPartOf":{"@id":"https:\/\/aesia.pt\/portal\/#website"},"primaryImageOfPage":{"@id":"https:\/\/aesia.pt\/portal\/horarios-nova-pagina_a\/#primaryimage"},"image":{"@id":"https:\/\/aesia.pt\/portal\/horarios-nova-pagina_a\/#primaryimage"},"thumbnailUrl":"https:\/\/aesia.pt\/portal\/wp-content\/uploads\/2024\/02\/image-7.png","datePublished":"2024-01-21T23:49:45+00:00","dateModified":"2025-01-22T13:32:35+00:00","description":"%","breadcrumb":{"@id":"https:\/\/aesia.pt\/portal\/horarios-nova-pagina_a\/#breadcrumb"},"inLanguage":"pt-PT","potentialAction":[{"@type":"ReadAction","target":["https:\/\/aesia.pt\/portal\/horarios-nova-pagina_a\/"]}]},{"@type":"ImageObject","inLanguage":"pt-PT","@id":"https:\/\/aesia.pt\/portal\/horarios-nova-pagina_a\/#primaryimage","url":"https:\/\/aesia.pt\/portal\/wp-content\/uploads\/2024\/02\/image-7.png","contentUrl":"https:\/\/aesia.pt\/portal\/wp-content\/uploads\/2024\/02\/image-7.png","width":279,"height":182},{"@type":"BreadcrumbList","@id":"https:\/\/aesia.pt\/portal\/horarios-nova-pagina_a\/#breadcrumb","itemListElement":[{"@type":"ListItem","position":1,"name":"Home","item":"https:\/\/aesia.pt\/portal\/"},{"@type":"ListItem","position":2,"name":"Hor\u00e1rios BE\/CRE"}]},{"@type":"WebSite","@id":"https:\/\/aesia.pt\/portal\/#website","url":"https:\/\/aesia.pt\/portal\/","name":"AESIA","description":"Agrupamento de Escolas de Santa Iria de Az\u00f3ia","publisher":{"@id":"https:\/\/aesia.pt\/portal\/#organization"},"alternateName":"Agrupamento de Escolas de Santa Iria de Az\u00f3ia","potentialAction":[{"@type":"SearchAction","target":{"@type":"EntryPoint","urlTemplate":"https:\/\/aesia.pt\/portal\/?s={search_term_string}"},"query-input":{"@type":"PropertyValueSpecification","valueRequired":true,"valueName":"search_term_string"}}],"inLanguage":"pt-PT"},{"@type":"Organization","@id":"https:\/\/aesia.pt\/portal\/#organization","name":"Agrupamento de Escolas de Santa Iria de Az\u00f3ia","alternateName":"AESIA","url":"https:\/\/aesia.pt\/portal\/","logo":{"@type":"ImageObject","inLanguage":"pt-PT","@id":"https:\/\/aesia.pt\/portal\/#\/schema\/logo\/image\/","url":"https:\/\/aesia.pt\/portal\/wp-content\/uploads\/2023\/04\/logo4.png","contentUrl":"https:\/\/aesia.pt\/portal\/wp-content\/uploads\/2023\/04\/logo4.png","width":162,"height":162,"caption":"Agrupamento de Escolas de Santa Iria de Az\u00f3ia"},"image":{"@id":"https:\/\/aesia.pt\/portal\/#\/schema\/logo\/image\/"},"sameAs":["https:\/\/www.facebook.com\/aesia.pt\/"]}]}},"_links":{"self":[{"href":"https:\/\/aesia.pt\/portal\/wp-json\/wp\/v2\/pages\/10311","targetHints":{"allow":["GET"]}}],"collection":[{"href":"https:\/\/aesia.pt\/portal\/wp-json\/wp\/v2\/pages"}],"about":[{"href":"https:\/\/aesia.pt\/portal\/wp-json\/wp\/v2\/types\/page"}],"author":[{"embeddable":true,"href":"https:\/\/aesia.pt\/portal\/wp-json\/wp\/v2\/users\/13"}],"replies":[{"embeddable":true,"href":"https:\/\/aesia.pt\/portal\/wp-json\/wp\/v2\/comments?post=10311"}],"version-history":[{"count":19,"href":"https:\/\/aesia.pt\/portal\/wp-json\/wp\/v2\/pages\/10311\/revisions"}],"predecessor-version":[{"id":14719,"href":"https:\/\/aesia.pt\/portal\/wp-json\/wp\/v2\/pages\/10311\/revisions\/14719"}],"wp:attachment":[{"href":"https:\/\/aesia.pt\/portal\/wp-json\/wp\/v2\/media?parent=10311"}],"curies":[{"name":"wp","href":"https:\/\/api.w.org\/{rel}","templated":true}]}}